{"id":3752,"date":"2022-12-05T08:10:40","date_gmt":"2022-12-05T08:10:40","guid":{"rendered":"https:\/\/www.tsaai.eu\/ki-expertenkurs\/"},"modified":"2023-07-10T10:04:04","modified_gmt":"2023-07-10T10:04:04","slug":"ki-expertenkurs","status":"publish","type":"page","link":"https:\/\/www.tsaai.eu\/de\/ki-expertenkurs\/","title":{"rendered":"KI Expertenkurs"},"content":{"rendered":"<p><div class=\"fusion-fullwidth fullwidth-box fusion-builder-row-1 fusion-flex-container nonhundred-percent-fullwidth non-hundred-percent-height-scrolling\" style=\"--awb-border-radius-top-left:0px;--awb-border-radius-top-right:0px;--awb-border-radius-bottom-right:0px;--awb-border-radius-bottom-left:0px;--awb-padding-top:1px;--awb-padding-bottom:120px;--awb-padding-top-medium:72px;--awb-padding-bottom-medium:60px;--awb-padding-top-small:60px;--awb-padding-bottom-small:36px;--awb-margin-bottom:0px;--awb-flex-wrap:wrap;\" ><div class=\"fusion-builder-row fusion-row fusion-flex-align-items-flex-start fusion-flex-justify-content-center fusion-flex-content-wrap\" style=\"max-width:1310.4px;margin-left: calc(-4% \/ 2 );margin-right: calc(-4% \/ 2 );\"><div class=\"fusion-layout-column fusion_builder_column fusion-builder-column-0 fusion_builder_column_3_5 3_5 fusion-flex-column\" style=\"--awb-bg-size:cover;--awb-width-large:60%;--awb-margin-top-large:20px;--awb-spacing-right-large:3.2%;--awb-margin-bottom-large:5%;--awb-spacing-left-large:3.2%;--awb-width-medium:75%;--awb-spacing-right-medium:2.56%;--awb-margin-bottom-medium:30px;--awb-spacing-left-medium:2.56%;--awb-width-small:100%;--awb-spacing-right-small:1.92%;--awb-spacing-left-small:1.92%;\"><div class=\"fusion-column-wrapper fusion-column-has-shadow fusion-flex-justify-content-flex-start fusion-content-layout-column\"><div class=\"fusion-title title fusion-title-1 fusion-sep-none fusion-title-center fusion-title-text fusion-title-size-two\"><h2 class=\"fusion-title-heading title-heading-center fusion-responsive-typography-calculated\" style=\"margin:0;--fontSize:48;line-height:1.2;\"><strong>Zielgruppen<\/strong><\/h2><\/div><\/div><\/div><div class=\"fusion-layout-column fusion_builder_column fusion-builder-column-1 fusion_builder_column_1_2 1_2 fusion-flex-column\" style=\"--awb-bg-size:cover;--awb-width-large:50%;--awb-margin-top-large:20px;--awb-spacing-right-large:9.6%;--awb-margin-bottom-large:20px;--awb-spacing-left-large:17.28%;--awb-width-medium:50%;--awb-order-medium:0;--awb-spacing-right-medium:7.68%;--awb-spacing-left-medium:7.68%;--awb-width-small:100%;--awb-order-small:0;--awb-spacing-right-small:1.92%;--awb-margin-bottom-small:0px;--awb-spacing-left-small:1.92%;\"><div class=\"fusion-column-wrapper fusion-column-has-shadow fusion-flex-justify-content-flex-start fusion-content-layout-column\"><div class=\"fusion-content-boxes content-boxes columns row fusion-columns-1 fusion-columns-total-2 fusion-content-boxes-1 content-boxes-icon-on-side content-left fusion-delayed-animation\" style=\"--awb-margin-top:0px;--awb-margin-bottom:0px;--awb-hover-accent-color:var(--awb-color7);--awb-circle-hover-accent-color:transparent;--awb-item-margin-bottom:40px;\" data-animation-delay=\"500\" data-animationOffset=\"top-into-view\"><div style=\"--awb-backgroundcolor:rgba(255,255,255,0);--awb-content-padding-left:68px;\" class=\"fusion-column content-box-column content-box-column content-box-column-1 col-lg-12 col-md-12 col-sm-12 fusion-content-box-hover content-box-column-last-in-row\"><div class=\"col content-box-wrapper content-wrapper link-area-link-icon content-icon-wrapper-yes icon-hover-animation-fade\" data-animationOffset=\"top-into-view\"><div class=\"heading heading-with-icon icon-left\"><div class=\"icon\" style=\"-webkit-animation-duration: 500ms;animation-duration: 500ms;\"><span ><i style=\"background-color:transparent;border-color:transparent;height:auto;width: 48px;line-height:normal;font-size:48px;\" aria-hidden=\"true\" class=\"fontawesome-icon fa-chalkboard-teacher fas circle-no\"><\/i><\/span><\/div><h4 class=\"content-box-heading fusion-responsive-typography-calculated\" style=\"--h4_typography-font-size:24px;--fontSize:24;line-height:1.42;padding-left:68px;\">Studierende an Hochschulen<\/h4><\/div><div class=\"fusion-clearfix\"><\/div><div class=\"content-container\">Junge Menschen, die in die K\u00fcnstliche Intelligenz als wichtiges Element ihrer beruflichen T\u00e4tigkeit einsteigen wollen.<\/div><\/div><\/div><div style=\"--awb-backgroundcolor:rgba(255,255,255,0);--awb-content-padding-left:68px;\" class=\"fusion-column content-box-column content-box-column content-box-column-2 col-lg-12 col-md-12 col-sm-12 fusion-content-box-hover content-box-column-last content-box-column-last-in-row\"><div class=\"col content-box-wrapper content-wrapper link-area-link-icon content-icon-wrapper-yes icon-hover-animation-fade\" data-animationOffset=\"top-into-view\"><div class=\"heading heading-with-icon icon-left\"><div class=\"icon\" style=\"-webkit-animation-duration: 500ms;animation-duration: 500ms;\"><span ><i style=\"background-color:transparent;border-color:transparent;height:auto;width: 48px;line-height:normal;font-size:48px;\" aria-hidden=\"true\" class=\"fontawesome-icon fa-industry fas circle-no\"><\/i><\/span><\/div><h4 class=\"content-box-heading fusion-responsive-typography-calculated\" style=\"--h4_typography-font-size:24px;--fontSize:24;line-height:1.42;padding-left:68px;\">Bereits erwerbst\u00e4tige Studierende<\/h4><\/div><div class=\"fusion-clearfix\"><\/div><div class=\"content-container\">\n<p>Berufst\u00e4tige, die ihr Wissen auffrischen und an die neuesten Trends der k\u00fcnstlichen Intelligenz anpassen wollen.<\/p>\n<\/div><\/div><\/div><div class=\"fusion-clearfix\"><\/div><\/div><\/div><\/div><div class=\"fusion-layout-column fusion_builder_column fusion-builder-column-2 fusion_builder_column_1_2 1_2 fusion-flex-column\" style=\"--awb-bg-size:cover;--awb-width-large:50%;--awb-margin-top-large:20px;--awb-spacing-right-large:17.28%;--awb-margin-bottom-large:20px;--awb-spacing-left-large:9.6%;--awb-width-medium:50%;--awb-order-medium:0;--awb-spacing-right-medium:7.68%;--awb-spacing-left-medium:7.68%;--awb-width-small:100%;--awb-order-small:0;--awb-margin-top-small:0px;--awb-spacing-right-small:1.92%;--awb-margin-bottom-small:0px;--awb-spacing-left-small:1.92%;\"><div class=\"fusion-column-wrapper fusion-column-has-shadow fusion-flex-justify-content-flex-start fusion-content-layout-column\"><div class=\"fusion-content-boxes content-boxes columns row fusion-columns-1 fusion-columns-total-2 fusion-content-boxes-2 content-boxes-icon-on-side content-left fusion-delayed-animation\" style=\"--awb-margin-top:0px;--awb-margin-bottom:0px;--awb-hover-accent-color:var(--awb-color7);--awb-circle-hover-accent-color:transparent;--awb-item-margin-bottom:40px;\" data-animation-delay=\"500\" data-animationOffset=\"top-into-view\"><div style=\"--awb-backgroundcolor:rgba(255,255,255,0);--awb-content-padding-left:68px;\" class=\"fusion-column content-box-column content-box-column content-box-column-1 col-lg-12 col-md-12 col-sm-12 fusion-content-box-hover content-box-column-last-in-row\"><div class=\"col content-box-wrapper content-wrapper link-area-link-icon content-icon-wrapper-yes icon-hover-animation-fade\" data-animationOffset=\"top-into-view\"><div class=\"heading heading-with-icon icon-left\"><div class=\"icon\" style=\"-webkit-animation-duration: 500ms;animation-duration: 500ms;\"><span ><i style=\"background-color:transparent;border-color:transparent;height:auto;width: 48px;line-height:normal;font-size:48px;\" aria-hidden=\"true\" class=\"fontawesome-icon fa-user-graduate fas circle-no\"><\/i><\/span><\/div><h4 class=\"content-box-heading fusion-responsive-typography-calculated\" style=\"--h4_typography-font-size:24px;--fontSize:24;line-height:1.42;padding-left:68px;\">Lehrende<\/h4><\/div><div class=\"fusion-clearfix\"><\/div><div class=\"content-container\">\n<p>Lehrende, die K\u00fcnstliche Intelligenz in ihre Lehrveranstaltungen integrieren oder die bereits vorhandenen Lehrveranstaltungen weiterentwickeln m\u00f6chten.<\/p>\n<\/div><\/div><\/div><div style=\"--awb-backgroundcolor:rgba(255,255,255,0);--awb-content-padding-left:68px;\" class=\"fusion-column content-box-column content-box-column content-box-column-2 col-lg-12 col-md-12 col-sm-12 fusion-content-box-hover content-box-column-last content-box-column-last-in-row\"><div class=\"col content-box-wrapper content-wrapper link-area-link-icon content-icon-wrapper-yes icon-hover-animation-fade\" data-animationOffset=\"top-into-view\"><div class=\"heading heading-with-icon icon-left\"><div class=\"icon\" style=\"-webkit-animation-duration: 500ms;animation-duration: 500ms;\"><span ><i style=\"background-color:transparent;border-color:transparent;height:auto;width: 48px;line-height:normal;font-size:48px;\" aria-hidden=\"true\" class=\"fontawesome-icon icon-accountant-customers circle-no\"><\/i><\/span><\/div><h4 class=\"content-box-heading fusion-responsive-typography-calculated\" style=\"--h4_typography-font-size:24px;--fontSize:24;line-height:1.42;padding-left:68px;\">Andere Studierende<\/h4><\/div><div class=\"fusion-clearfix\"><\/div><div class=\"content-container\">jeden \u00fcber interessante M\u00f6glichkeiten f\u00fcr seine berufliche Laufbahn zu motivieren<br \/>\noder ihre Neugierde zum Thema befriedigen m\u00f6chten.<\/div><\/div><\/div><div class=\"fusion-clearfix\"><\/div><\/div><\/div><\/div><\/div><\/div><div class=\"fusion-fullwidth fullwidth-box fusion-builder-row-2 fusion-flex-container has-pattern-background has-mask-background nonhundred-percent-fullwidth non-hundred-percent-height-scrolling\" style=\"--link_hover_color: #fcfcfc;--link_color: #20b258;--awb-border-radius-top-left:0px;--awb-border-radius-top-right:0px;--awb-border-radius-bottom-right:0px;--awb-border-radius-bottom-left:0px;--awb-padding-top:14px;--awb-padding-bottom:28px;--awb-padding-top-medium:94px;--awb-padding-bottom-medium:94px;--awb-padding-top-small:36px;--awb-padding-bottom-small:60px;--awb-margin-bottom:0px;--awb-background-image:linear-gradient(90deg, var(--awb-custom10) 94%,var(--awb-color1) 94%);--awb-flex-wrap:wrap;\" ><div class=\"fusion-builder-row fusion-row fusion-flex-align-items-stretch fusion-flex-content-wrap\" style=\"max-width:1310.4px;margin-left: calc(-4% \/ 2 );margin-right: calc(-4% \/ 2 );\"><div class=\"fusion-layout-column fusion_builder_column fusion-builder-column-3 fusion_builder_column_1_2 1_2 fusion-flex-column\" style=\"--awb-bg-size:cover;--awb-width-large:50%;--awb-margin-top-large:20px;--awb-spacing-right-large:15.36%;--awb-margin-bottom-large:20px;--awb-spacing-left-large:3.84%;--awb-width-medium:50%;--awb-order-medium:0;--awb-spacing-right-medium:3.84%;--awb-spacing-left-medium:3.84%;--awb-width-small:83.333333333333%;--awb-order-small:0;--awb-spacing-right-small:2.304%;--awb-margin-bottom-small:480;--awb-spacing-left-small:2.304%;\"><div class=\"fusion-column-wrapper fusion-column-has-shadow fusion-flex-justify-content-center fusion-content-layout-column\"><div class=\"fusion-title title fusion-title-2 fusion-sep-none fusion-title-center fusion-title-text fusion-title-size-two\" style=\"--awb-text-color:var(--awb-color1);--awb-margin-bottom:48px;\"><h2 class=\"fusion-title-heading title-heading-center fusion-responsive-typography-calculated\" style=\"margin:0;--fontSize:48;line-height:1.2;\">Lernprogramm<\/h2><\/div><div class=\"awb-circles-info has-bg-color\" style=\"--awb-icon-circle-size:3px;--awb-content-circle-color:#00fffa;--awb-content-circle-size:3px;--awb-icon-size:28px;--awb-icon-color:#840056;--awb-icon-bg-color:#ffffff;--awb-icon-active-color:#2200ba;--awb-icon-bg-active-color:#ffffff;--awb-background-color:rgba(0,160,178,0.49);--awb-gradient-start-position:0%;--awb-gradient-end-position:100%;--awb-linear-angle:180deg;--awb-radial-direction:circle at center center;\" data-auto-rotation=\"yes\" data-auto-rotation-time=\"4000\" data-pause-on-hover=\"yes\" data-activation-type=\"mouseover\"><div class=\"awb-circles-info-wrapper\"><div class=\"awb-circles-info-icons-wrapper\"><div class=\"awb-circles-info-tab-link\" data-id=\"1\"><span><i class=\"fa-atlas fas\"><\/i><\/span><\/div><div class=\"awb-circles-info-tab-link\" data-id=\"2\"><span><i class=\"fa-mouse fas\"><\/i><\/span><\/div><div class=\"awb-circles-info-tab-link\" data-id=\"3\"><span><i class=\"fa-flask fas\"><\/i><\/span><\/div><div class=\"awb-circles-info-tab-link\" data-id=\"4\"><span><i class=\"fa-theater-masks fas\"><\/i><\/span><\/div><div class=\"awb-circles-info-tab-link\" data-id=\"5\"><span><i class=\"fa-piggy-bank fas\"><\/i><\/span><\/div><div class=\"awb-circles-info-tab-link\" data-id=\"6\"><span><i class=\"fa-industry fas\"><\/i><\/span><\/div><\/div><div class=\"awb-circles-info-content-wrapper\"><div class=\"awb-circle-info awb-circles-info-content-area awb-circle-info-1 link-area-box\" data-id=\"1\" style=\"--awb-title-color:#ffffff;--awb-title-hover-color:#000000;--awb-content-color:#ffffff;\" data-link=\"https:\/\/www.tsaai.eu\/ai-introductory-modules\/\" data-link-target=\"_self\"><div class=\"awb-circles-info-title\"><a href=\"https:\/\/www.tsaai.eu\/ai-introductory-modules\/\" target=\"_self\">General<\/a><\/div><div class=\"awb-circles-info-text\">Three modules that take you by the hand towards the principles of AI, its applications and good practices in its implementation.<\/div><\/div><div class=\"awb-circle-info awb-circles-info-content-area awb-circle-info-2 link-area-box\" data-id=\"2\" style=\"--awb-title-color:#ffffff;--awb-content-color:#ffffff;\" data-link=\"https:\/\/www.tsaai.eu\/applied-ai-in-ict\/\" data-link-target=\"_self\"><div class=\"awb-circles-info-title\"><a href=\"https:\/\/www.tsaai.eu\/applied-ai-in-ict\/\" target=\"_self\">Information and Communication Technology<\/a><\/div><div class=\"awb-circles-info-text\">This module shows you how the AI can help ICT engineers to produce even more reliable and engaging products.<\/div><\/div><div class=\"awb-circle-info awb-circles-info-content-area awb-circle-info-3 link-area-box\" data-id=\"3\" style=\"--awb-title-color:#ffffff;--awb-content-color:#ffffff;\" data-link=\"https:\/\/www.tsaai.eu\/applied-ai-in-sciences\/\" data-link-target=\"_self\"><div class=\"awb-circles-info-title\"><a href=\"https:\/\/www.tsaai.eu\/applied-ai-in-sciences\/\" target=\"_self\">Sciences<\/a><\/div><div class=\"awb-circles-info-text\">This module explains how to apply AI to fields like Physics, Biology or Medicine. It also explains how new researches can benefit from AI.<\/div><\/div><div class=\"awb-circle-info awb-circles-info-content-area awb-circle-info-4 link-area-box\" data-id=\"4\" style=\"--awb-title-color:#ffffff;--awb-content-color:#ffffff;\" data-link=\"https:\/\/www.tsaai.eu\/ai-in-humanities\/\" data-link-target=\"_self\"><div class=\"awb-circles-info-title\"><a href=\"https:\/\/www.tsaai.eu\/ai-in-humanities\/\" target=\"_self\">Humanities<\/a><\/div><div class=\"awb-circles-info-text\">AI has a high impact in Humanities. This modules shows you its possibilities in culture, arts, and education.<\/div><\/div><div class=\"awb-circle-info awb-circles-info-content-area awb-circle-info-5 link-area-box\" data-id=\"5\" style=\"--awb-title-color:#ffffff;--awb-content-color:#ffffff;\" data-link=\"https:\/\/www.tsaai.eu\/applied-ai-in-finances\/\" data-link-target=\"_self\"><div class=\"awb-circles-info-title\"><a href=\"https:\/\/www.tsaai.eu\/applied-ai-in-finances\/\" target=\"_self\">Finances<\/a><\/div><div class=\"awb-circles-info-text\">This module shows you how to apply AI in a wide variety of fields related to finances, from banking to insurances and risk management.<\/div><\/div><div class=\"awb-circle-info awb-circles-info-content-area awb-circle-info-6 link-area-box\" data-id=\"6\" style=\"--awb-title-color:#ffffff;--awb-content-color:#ffffff;\" data-link=\"https:\/\/www.tsaai.eu\/applied-ai-in-industry\/\" data-link-target=\"_self\"><div class=\"awb-circles-info-title\"><a href=\"https:\/\/www.tsaai.eu\/applied-ai-in-industry\/\" target=\"_self\">Industry and IoT<\/a><\/div><div class=\"awb-circles-info-text\">Industry is highly benefited from AI. This module shows you its applications to energy management, smart buildings and IoT (Internet of Things).<\/div><\/div><\/div><\/div><\/div><div class=\"fusion-text fusion-text-1\" style=\"--awb-text-color:var(--awb-color1);\"><\/div><\/div><\/div><div class=\"fusion-layout-column fusion_builder_column fusion-builder-column-4 fusion_builder_column_1_2 1_2 fusion-flex-column\" style=\"--awb-bg-position:center top;--awb-bg-size:cover;--awb-width-large:50%;--awb-margin-top-large:10px;--awb-spacing-right-large:3.84%;--awb-margin-bottom-large:10px;--awb-spacing-left-large:3.84%;--awb-width-medium:50%;--awb-order-medium:0;--awb-spacing-right-medium:3.84%;--awb-spacing-left-medium:3.84%;--awb-width-small:100%;--awb-order-small:0;--awb-spacing-right-small:1.92%;--awb-spacing-left-small:1.92%;\"><div class=\"fusion-column-wrapper fusion-column-has-shadow fusion-flex-justify-content-center fusion-content-layout-column\"><div class=\"fusion-image-element \" style=\"--awb-caption-title-font-family:var(--h2_typography-font-family);--awb-caption-title-font-weight:var(--h2_typography-font-weight);--awb-caption-title-font-style:var(--h2_typography-font-style);--awb-caption-title-size:var(--h2_typography-font-size);--awb-caption-title-transform:var(--h2_typography-text-transform);--awb-caption-title-line-height:var(--h2_typography-line-height);--awb-caption-title-letter-spacing:var(--h2_typography-letter-spacing);\"><span class=\" fusion-imageframe imageframe-none imageframe-1 hover-type-none\" style=\"border-radius:12px;\"><img decoding=\"async\" width=\"600\" height=\"400\" title=\"library-1400313_1280\" src=\"https:\/\/www.tsaai.eu\/wp-content\/uploads\/2023\/02\/library-1400313_1280.jpg\" data-orig-src=\"https:\/\/www.tsaai.eu\/wp-content\/uploads\/2023\/02\/library-1400313_1280-600x400.jpg\" alt class=\"lazyload img-responsive wp-image-3131\" srcset=\"data:image\/svg+xml,%3Csvg%20xmlns%3D%27http%3A%2F%2Fwww.w3.org%2F2000%2Fsvg%27%20width%3D%271280%27%20height%3D%27853%27%20viewBox%3D%270%200%201280%20853%27%3E%3Crect%20width%3D%271280%27%20height%3D%27853%27%20fill-opacity%3D%220%22%2F%3E%3C%2Fsvg%3E\" data-srcset=\"https:\/\/www.tsaai.eu\/wp-content\/uploads\/2023\/02\/library-1400313_1280-200x133.jpg 200w, https:\/\/www.tsaai.eu\/wp-content\/uploads\/2023\/02\/library-1400313_1280-400x267.jpg 400w, https:\/\/www.tsaai.eu\/wp-content\/uploads\/2023\/02\/library-1400313_1280-600x400.jpg 600w, https:\/\/www.tsaai.eu\/wp-content\/uploads\/2023\/02\/library-1400313_1280-800x533.jpg 800w, https:\/\/www.tsaai.eu\/wp-content\/uploads\/2023\/02\/library-1400313_1280-1200x800.jpg 1200w, https:\/\/www.tsaai.eu\/wp-content\/uploads\/2023\/02\/library-1400313_1280.jpg 1280w\" data-sizes=\"auto\" data-orig-sizes=\"(max-width: 640px) 100vw, 600px\" \/><\/span><\/div><\/div><\/div><\/div><\/div><div class=\"fusion-fullwidth fullwidth-box fusion-builder-row-3 fusion-flex-container has-pattern-background has-mask-background hundred-percent-fullwidth non-hundred-percent-height-scrolling\" style=\"--awb-border-radius-top-left:0px;--awb-border-radius-top-right:0px;--awb-border-radius-bottom-right:0px;--awb-border-radius-bottom-left:0px;--awb-padding-top:80px;--awb-padding-bottom:11%;--awb-padding-top-small:36px;--awb-margin-bottom:-7%;--awb-margin-bottom-small:-80px;--awb-background-color:var(--awb-color4);--awb-flex-wrap:wrap;\" ><div class=\"fusion-builder-row fusion-row fusion-flex-align-items-stretch fusion-flex-justify-content-center fusion-flex-content-wrap\" style=\"width:104% !important;max-width:104% !important;margin-left: calc(-4% \/ 2 );margin-right: calc(-4% \/ 2 );\"><div class=\"fusion-layout-column fusion_builder_column fusion-builder-column-5 fusion_builder_column_1_1 1_1 fusion-flex-column\" style=\"--awb-padding-right-small:20px;--awb-padding-left-small:20px;--awb-bg-size:cover;--awb-width-large:100%;--awb-margin-top-large:20px;--awb-spacing-right-large:5.76%;--awb-margin-bottom-large:20px;--awb-spacing-left-large:5.76%;--awb-width-medium:50%;--awb-order-medium:0;--awb-spacing-right-medium:11.52%;--awb-spacing-left-medium:11.52%;--awb-width-small:100%;--awb-order-small:0;--awb-spacing-right-small:5.76%;--awb-spacing-left-small:5.76%;\"><div class=\"fusion-column-wrapper fusion-column-has-shadow fusion-flex-justify-content-center fusion-content-layout-column\"><div class=\"fusion-title title fusion-title-3 fusion-sep-none fusion-title-center fusion-title-text fusion-title-size-two\"><h2 class=\"fusion-title-heading title-heading-center fusion-responsive-typography-calculated\" style=\"margin:0;--fontSize:48;line-height:1.2;\"><strong>Lehrende<\/strong><\/h2><\/div><div class=\"fusion-text fusion-text-2\" style=\"--awb-content-alignment:center;\"><p>Curabitur ac leo nunc estibul et mauris vel ante finibus maximus nec ut leo. Integer consectetur luctus. Quisque eros quam, aliquet.<\/p>\n<\/div><\/div><\/div><\/div><\/div><\/p>\n","protected":false},"excerpt":{"rendered":"","protected":false},"author":1,"featured_media":0,"parent":0,"menu_order":0,"comment_status":"closed","ping_status":"closed","template":"100-width.php","meta":{"inline_featured_image":false,"footnotes":""},"class_list":["post-3752","page","type-page","status-publish","hentry"],"yoast_head":"<!-- This site is optimized with the Yoast SEO plugin v23.6 - https:\/\/yoast.com\/wordpress\/plugins\/seo\/ -->\n<title>KI Expertenkurs - TSAAI<\/title>\n<meta name=\"robots\" content=\"index, follow, max-snippet:-1, max-image-preview:large, max-video-preview:-1\" \/>\n<link rel=\"canonical\" href=\"https:\/\/www.tsaai.eu\/de\/ki-expertenkurs\/\" \/>\n<meta property=\"og:locale\" content=\"de_DE\" \/>\n<meta property=\"og:type\" content=\"article\" \/>\n<meta property=\"og:title\" content=\"KI Expertenkurs - TSAAI\" \/>\n<meta property=\"og:url\" content=\"https:\/\/www.tsaai.eu\/de\/ki-expertenkurs\/\" \/>\n<meta property=\"og:site_name\" content=\"TSAAI\" \/>\n<meta property=\"article:modified_time\" content=\"2023-07-10T10:04:04+00:00\" \/>\n<meta name=\"twitter:card\" content=\"summary_large_image\" \/>\n<meta name=\"twitter:label1\" content=\"Gesch\u00e4tzte Lesezeit\" \/>\n\t<meta name=\"twitter:data1\" content=\"14\u00a0Minuten\" \/>\n<script type=\"application\/ld+json\" class=\"yoast-schema-graph\">{\"@context\":\"https:\/\/schema.org\",\"@graph\":[{\"@type\":\"WebPage\",\"@id\":\"https:\/\/www.tsaai.eu\/de\/ki-expertenkurs\/\",\"url\":\"https:\/\/www.tsaai.eu\/de\/ki-expertenkurs\/\",\"name\":\"KI Expertenkurs - TSAAI\",\"isPartOf\":{\"@id\":\"https:\/\/www.tsaai.eu\/de\/#website\"},\"datePublished\":\"2022-12-05T08:10:40+00:00\",\"dateModified\":\"2023-07-10T10:04:04+00:00\",\"breadcrumb\":{\"@id\":\"https:\/\/www.tsaai.eu\/de\/ki-expertenkurs\/#breadcrumb\"},\"inLanguage\":\"de\",\"potentialAction\":[{\"@type\":\"ReadAction\",\"target\":[\"https:\/\/www.tsaai.eu\/de\/ki-expertenkurs\/\"]}]},{\"@type\":\"BreadcrumbList\",\"@id\":\"https:\/\/www.tsaai.eu\/de\/ki-expertenkurs\/#breadcrumb\",\"itemListElement\":[{\"@type\":\"ListItem\",\"position\":1,\"name\":\"Home\",\"item\":\"https:\/\/www.tsaai.eu\/de\/tsaai\/\"},{\"@type\":\"ListItem\",\"position\":2,\"name\":\"KI Expertenkurs\"}]},{\"@type\":\"WebSite\",\"@id\":\"https:\/\/www.tsaai.eu\/de\/#website\",\"url\":\"https:\/\/www.tsaai.eu\/de\/\",\"name\":\"TSAAI\",\"description\":\"Transversal Skills in Applied Artificial Intelligence\",\"publisher\":{\"@id\":\"https:\/\/www.tsaai.eu\/de\/#organization\"},\"potentialAction\":[{\"@type\":\"SearchAction\",\"target\":{\"@type\":\"EntryPoint\",\"urlTemplate\":\"https:\/\/www.tsaai.eu\/de\/?s={search_term_string}\"},\"query-input\":{\"@type\":\"PropertyValueSpecification\",\"valueRequired\":true,\"valueName\":\"search_term_string\"}}],\"inLanguage\":\"de\"},{\"@type\":\"Organization\",\"@id\":\"https:\/\/www.tsaai.eu\/de\/#organization\",\"name\":\"TSAAI\",\"url\":\"https:\/\/www.tsaai.eu\/de\/\",\"logo\":{\"@type\":\"ImageObject\",\"inLanguage\":\"de\",\"@id\":\"https:\/\/www.tsaai.eu\/de\/#\/schema\/logo\/image\/\",\"url\":\"https:\/\/www.tsaai.eu\/wp-content\/uploads\/2022\/11\/logo_TSAAI-header-big-blue.svg\",\"contentUrl\":\"https:\/\/www.tsaai.eu\/wp-content\/uploads\/2022\/11\/logo_TSAAI-header-big-blue.svg\",\"width\":1356,\"height\":243,\"caption\":\"TSAAI\"},\"image\":{\"@id\":\"https:\/\/www.tsaai.eu\/de\/#\/schema\/logo\/image\/\"}}]}<\/script>\n<!-- \/ Yoast SEO plugin. -->","yoast_head_json":{"title":"KI Expertenkurs - TSAAI","robots":{"index":"index","follow":"follow","max-snippet":"max-snippet:-1","max-image-preview":"max-image-preview:large","max-video-preview":"max-video-preview:-1"},"canonical":"https:\/\/www.tsaai.eu\/de\/ki-expertenkurs\/","og_locale":"de_DE","og_type":"article","og_title":"KI Expertenkurs - TSAAI","og_url":"https:\/\/www.tsaai.eu\/de\/ki-expertenkurs\/","og_site_name":"TSAAI","article_modified_time":"2023-07-10T10:04:04+00:00","twitter_card":"summary_large_image","twitter_misc":{"Gesch\u00e4tzte Lesezeit":"14\u00a0Minuten"},"schema":{"@context":"https:\/\/schema.org","@graph":[{"@type":"WebPage","@id":"https:\/\/www.tsaai.eu\/de\/ki-expertenkurs\/","url":"https:\/\/www.tsaai.eu\/de\/ki-expertenkurs\/","name":"KI Expertenkurs - TSAAI","isPartOf":{"@id":"https:\/\/www.tsaai.eu\/de\/#website"},"datePublished":"2022-12-05T08:10:40+00:00","dateModified":"2023-07-10T10:04:04+00:00","breadcrumb":{"@id":"https:\/\/www.tsaai.eu\/de\/ki-expertenkurs\/#breadcrumb"},"inLanguage":"de","potentialAction":[{"@type":"ReadAction","target":["https:\/\/www.tsaai.eu\/de\/ki-expertenkurs\/"]}]},{"@type":"BreadcrumbList","@id":"https:\/\/www.tsaai.eu\/de\/ki-expertenkurs\/#breadcrumb","itemListElement":[{"@type":"ListItem","position":1,"name":"Home","item":"https:\/\/www.tsaai.eu\/de\/tsaai\/"},{"@type":"ListItem","position":2,"name":"KI Expertenkurs"}]},{"@type":"WebSite","@id":"https:\/\/www.tsaai.eu\/de\/#website","url":"https:\/\/www.tsaai.eu\/de\/","name":"TSAAI","description":"Transversal Skills in Applied Artificial Intelligence","publisher":{"@id":"https:\/\/www.tsaai.eu\/de\/#organization"},"potentialAction":[{"@type":"SearchAction","target":{"@type":"EntryPoint","urlTemplate":"https:\/\/www.tsaai.eu\/de\/?s={search_term_string}"},"query-input":{"@type":"PropertyValueSpecification","valueRequired":true,"valueName":"search_term_string"}}],"inLanguage":"de"},{"@type":"Organization","@id":"https:\/\/www.tsaai.eu\/de\/#organization","name":"TSAAI","url":"https:\/\/www.tsaai.eu\/de\/","logo":{"@type":"ImageObject","inLanguage":"de","@id":"https:\/\/www.tsaai.eu\/de\/#\/schema\/logo\/image\/","url":"https:\/\/www.tsaai.eu\/wp-content\/uploads\/2022\/11\/logo_TSAAI-header-big-blue.svg","contentUrl":"https:\/\/www.tsaai.eu\/wp-content\/uploads\/2022\/11\/logo_TSAAI-header-big-blue.svg","width":1356,"height":243,"caption":"TSAAI"},"image":{"@id":"https:\/\/www.tsaai.eu\/de\/#\/schema\/logo\/image\/"}}]}},"_links":{"self":[{"href":"https:\/\/www.tsaai.eu\/de\/wp-json\/wp\/v2\/pages\/3752","targetHints":{"allow":["GET"]}}],"collection":[{"href":"https:\/\/www.tsaai.eu\/de\/wp-json\/wp\/v2\/pages"}],"about":[{"href":"https:\/\/www.tsaai.eu\/de\/wp-json\/wp\/v2\/types\/page"}],"author":[{"embeddable":true,"href":"https:\/\/www.tsaai.eu\/de\/wp-json\/wp\/v2\/users\/1"}],"replies":[{"embeddable":true,"href":"https:\/\/www.tsaai.eu\/de\/wp-json\/wp\/v2\/comments?post=3752"}],"version-history":[{"count":5,"href":"https:\/\/www.tsaai.eu\/de\/wp-json\/wp\/v2\/pages\/3752\/revisions"}],"predecessor-version":[{"id":3757,"href":"https:\/\/www.tsaai.eu\/de\/wp-json\/wp\/v2\/pages\/3752\/revisions\/3757"}],"wp:attachment":[{"href":"https:\/\/www.tsaai.eu\/de\/wp-json\/wp\/v2\/media?parent=3752"}],"curies":[{"name":"wp","href":"https:\/\/api.w.org\/{rel}","templated":true}]}}