{"id":4002,"date":"2023-03-03T19:22:04","date_gmt":"2023-03-03T19:22:04","guid":{"rendered":"https:\/\/www.tsaai.eu\/rakenduslik-ai-toostuses-ja-asjade-internetis\/"},"modified":"2023-08-15T09:04:28","modified_gmt":"2023-08-15T09:04:28","slug":"rakenduslik-ai-toostuses-ja-asjade-internetis","status":"publish","type":"page","link":"https:\/\/www.tsaai.eu\/et\/rakenduslik-ai-toostuses-ja-asjade-internetis\/","title":{"rendered":"Rakenduslik AI t\u00f6\u00f6stuses ja asjade internetis"},"content":{"rendered":"<p><div class=\"fusion-fullwidth fullwidth-box fusion-builder-row-1 fusion-flex-container has-pattern-background has-mask-background nonhundred-percent-fullwidth non-hundred-percent-height-scrolling\" style=\"--link_hover_color: #fcfcfc;--link_color: #20b258;--awb-border-radius-top-left:0px;--awb-border-radius-top-right:0px;--awb-border-radius-bottom-right:0px;--awb-border-radius-bottom-left:0px;--awb-padding-top:14px;--awb-padding-bottom:28px;--awb-padding-top-medium:94px;--awb-padding-bottom-medium:94px;--awb-padding-top-small:36px;--awb-padding-bottom-small:60px;--awb-margin-bottom:0px;--awb-background-image:linear-gradient(90deg, var(--awb-custom10) 94%,var(--awb-color1) 94%);--awb-flex-wrap:wrap;\" ><div class=\"fusion-builder-row fusion-row fusion-flex-align-items-stretch fusion-flex-content-wrap\" style=\"max-width:1310.4px;margin-left: calc(-4% \/ 2 );margin-right: calc(-4% \/ 2 );\"><div class=\"fusion-layout-column fusion_builder_column fusion-builder-column-0 fusion_builder_column_1_2 1_2 fusion-flex-column\" style=\"--awb-bg-size:cover;--awb-width-large:50%;--awb-margin-top-large:20px;--awb-spacing-right-large:15.36%;--awb-margin-bottom-large:20px;--awb-spacing-left-large:3.84%;--awb-width-medium:50%;--awb-order-medium:0;--awb-spacing-right-medium:3.84%;--awb-spacing-left-medium:3.84%;--awb-width-small:83.333333333333%;--awb-order-small:0;--awb-spacing-right-small:2.304%;--awb-margin-bottom-small:480;--awb-spacing-left-small:2.304%;\"><div class=\"fusion-column-wrapper fusion-column-has-shadow fusion-flex-justify-content-center fusion-content-layout-column\"><div class=\"fusion-title title fusion-title-1 fusion-sep-none fusion-title-center fusion-title-text fusion-title-size-two\" style=\"--awb-text-color:var(--awb-color1);--awb-margin-bottom:48px;\"><h2 class=\"fusion-title-heading title-heading-center fusion-responsive-typography-calculated\" style=\"margin:0;--fontSize:48;line-height:1.2;\">Rakenduslik AI t\u00f6\u00f6stuses ja asjade internetis<\/h2><\/div><div class=\"accordian fusion-accordian\" style=\"--awb-border-size:1px;--awb-icon-size:16px;--awb-content-font-size:var(--awb-typography4-font-size);--awb-icon-alignment:left;--awb-hover-color:var(--awb-color2);--awb-border-color:var(--awb-color3);--awb-background-color:var(--awb-color1);--awb-divider-color:var(--awb-color3);--awb-divider-hover-color:var(--awb-color3);--awb-icon-color:var(--awb-color1);--awb-title-color:var(--awb-custom_color_1);--awb-content-color:var(--awb-color7);--awb-icon-box-color:var(--awb-color8);--awb-toggle-hover-accent-color:var(--awb-color5);--awb-title-font-family:var(--awb-typography1-font-family);--awb-title-font-weight:var(--awb-typography1-font-weight);--awb-title-font-style:var(--awb-typography1-font-style);--awb-title-font-size:24px;--awb-title-letter-spacing:-0.016em;--awb-title-line-height:1.42;--awb-content-font-family:var(--awb-typography4-font-family);--awb-content-font-weight:var(--awb-typography4-font-weight);--awb-content-font-style:var(--awb-typography4-font-style);\"><div class=\"panel-group fusion-toggle-icon-boxed\" id=\"accordion-4002-1\"><div class=\"fusion-panel panel-default panel-4c759971ee21c0e3d fusion-toggle-has-divider\" style=\"--awb-title-color:var(--awb-custom_color_1);\"><div class=\"panel-heading\"><h4 class=\"panel-title toggle\" id=\"toggle_4c759971ee21c0e3d\"><a aria-expanded=\"false\" aria-controls=\"4c759971ee21c0e3d\" role=\"button\" data-toggle=\"collapse\" data-parent=\"#accordion-4002-1\" data-target=\"#4c759971ee21c0e3d\" href=\"#4c759971ee21c0e3d\"><span class=\"fusion-toggle-icon-wrapper\" aria-hidden=\"true\"><i class=\"fa-fusion-box active-icon awb-icon-minus\" aria-hidden=\"true\"><\/i><i class=\"fa-fusion-box inactive-icon awb-icon-plus\" aria-hidden=\"true\"><\/i><\/span><span class=\"fusion-toggle-heading\">Energia<\/span><\/a><\/h4><\/div><div id=\"4c759971ee21c0e3d\" class=\"panel-collapse collapse \" aria-labelledby=\"toggle_4c759971ee21c0e3d\"><div class=\"panel-body toggle-content fusion-clearfix\">\n<ol>\n<li>Andmete kogumine ja eelt\u00f6\u00f6tlus\n<ol>\n<li>tunnuse loomine<\/li>\n<li>Ajaloolised andmed<\/li>\n<li>Nutikas m\u00f5\u00f5tmine<\/li>\n<li>Asjade Internet<\/li>\n<\/ol>\n<\/li>\n<li>Tootmine\n<ol>\n<li>Taastuvad energiaallikad<\/li>\n<li>Arukas v\u00f5rk<\/li>\n<li>Mudelip\u00f5hine juhtimine<\/li>\n<li>H\u00e4gusjuhtimine<\/li>\n<\/ol>\n<\/li>\n<li>Tarbimine\n<ol>\n<li>Tarbimisprognoos<\/li>\n<li>Tarbimisoptimeerimine<\/li>\n<li>N\u00f5udlusp\u00f5hine juhtimine<\/li>\n<li>Paindlikkusteenus<\/li>\n<\/ol>\n<\/li>\n<\/ol>\n<\/div><\/div><\/div><div class=\"fusion-panel panel-default panel-a36e5632d2affc5b1 fusion-toggle-has-divider\" style=\"--awb-title-color:var(--awb-custom_color_1);\"><div class=\"panel-heading\"><h4 class=\"panel-title toggle\" id=\"toggle_a36e5632d2affc5b1\"><a aria-expanded=\"false\" aria-controls=\"a36e5632d2affc5b1\" role=\"button\" data-toggle=\"collapse\" data-parent=\"#accordion-4002-1\" data-target=\"#a36e5632d2affc5b1\" href=\"#a36e5632d2affc5b1\"><span class=\"fusion-toggle-icon-wrapper\" aria-hidden=\"true\"><i class=\"fa-fusion-box active-icon awb-icon-minus\" aria-hidden=\"true\"><\/i><i class=\"fa-fusion-box inactive-icon awb-icon-plus\" aria-hidden=\"true\"><\/i><\/span><span class=\"fusion-toggle-heading\">Hooneautomaatika<\/span><\/a><\/h4><\/div><div id=\"a36e5632d2affc5b1\" class=\"panel-collapse collapse \" aria-labelledby=\"toggle_a36e5632d2affc5b1\"><div class=\"panel-body toggle-content fusion-clearfix\">\n<ol>\n<li>Arukad hooned\n<ol>\n<li>Passiivne arukus<\/li>\n<li>Aktiivne arukus<\/li>\n<li>Andmete hankimine<\/li>\n<li>Asjade Internet<\/li>\n<li>Ajaloolised andmed<\/li>\n<li>Staatilised versus d\u00fcnaamilised protsessid<\/li>\n<\/ol>\n<\/li>\n<li>Energiat\u00f5husad hooned\n<ol>\n<li>DigiAudit<\/li>\n<li>Tehnos\u00fcsteemide arukas juhtimine<\/li>\n<li>Nutikas rikete tuvastamine ja diagnostika<\/li>\n<li>Ennetav hooldus<\/li>\n<\/ol>\n<\/li>\n<\/ol>\n<\/div><\/div><\/div><div class=\"fusion-panel panel-default panel-329d4584b47bfd63f fusion-toggle-has-divider\" style=\"--awb-title-color:var(--awb-custom_color_1);\"><div class=\"panel-heading\"><h4 class=\"panel-title toggle\" id=\"toggle_329d4584b47bfd63f\"><a aria-expanded=\"false\" aria-controls=\"329d4584b47bfd63f\" role=\"button\" data-toggle=\"collapse\" data-parent=\"#accordion-4002-1\" data-target=\"#329d4584b47bfd63f\" href=\"#329d4584b47bfd63f\"><span class=\"fusion-toggle-icon-wrapper\" aria-hidden=\"true\"><i class=\"fa-fusion-box active-icon awb-icon-minus\" aria-hidden=\"true\"><\/i><i class=\"fa-fusion-box inactive-icon awb-icon-plus\" aria-hidden=\"true\"><\/i><\/span><span class=\"fusion-toggle-heading\">Digitaalsed kaksikud<\/span><\/a><\/h4><\/div><div id=\"329d4584b47bfd63f\" class=\"panel-collapse collapse \" aria-labelledby=\"toggle_329d4584b47bfd63f\"><div class=\"panel-body toggle-content fusion-clearfix\">\n<ol>\n<li>D\u00fcnaamiliste protsesside modelleerimine ja simuleerimine\n<ol>\n<li>Neuroniv\u00f5rkudel p\u00f5hinev t\u00f6\u00f6stusprotsesside modelleerimine<\/li>\n<li>Laiendatud reaalsus t\u00f6\u00f6stusrakenduste jaoks<\/li>\n<\/ol>\n<\/li>\n<li>Arukas juhtimiss\u00fcsteemi projekteerimine\n<ol>\n<li>Andmep\u00f5hise juhtimiss\u00fcsteemi projekteerimine<\/li>\n<li>Kinnitusega \u00f5ppimine juhtimiss\u00fcsteemi projekteerimiseks<\/li>\n<\/ol>\n<\/li>\n<\/ol>\n<\/div><\/div><\/div><\/div><\/div><div class=\"fusion-text fusion-text-1\" style=\"--awb-text-color:var(--awb-color1);\"><\/div><\/div><\/div><div class=\"fusion-layout-column fusion_builder_column fusion-builder-column-1 fusion_builder_column_1_2 1_2 fusion-flex-column fusion-flex-align-self-flex-start\" style=\"--awb-bg-position:center top;--awb-bg-size:cover;--awb-width-large:50%;--awb-margin-top-large:10px;--awb-spacing-right-large:3.84%;--awb-margin-bottom-large:10px;--awb-spacing-left-large:3.84%;--awb-width-medium:50%;--awb-order-medium:0;--awb-spacing-right-medium:3.84%;--awb-spacing-left-medium:3.84%;--awb-width-small:100%;--awb-order-small:0;--awb-spacing-right-small:1.92%;--awb-spacing-left-small:1.92%;\"><div class=\"fusion-column-wrapper fusion-column-has-shadow fusion-flex-justify-content-center fusion-content-layout-column\"><div class=\"fusion-image-element \" style=\"--awb-caption-title-font-family:var(--h2_typography-font-family);--awb-caption-title-font-weight:var(--h2_typography-font-weight);--awb-caption-title-font-style:var(--h2_typography-font-style);--awb-caption-title-size:var(--h2_typography-font-size);--awb-caption-title-transform:var(--h2_typography-text-transform);--awb-caption-title-line-height:var(--h2_typography-line-height);--awb-caption-title-letter-spacing:var(--h2_typography-letter-spacing);\"><span class=\" fusion-imageframe imageframe-none imageframe-1 hover-type-none\" style=\"border-radius:12px;\"><img decoding=\"async\" width=\"800\" height=\"416\" title=\"technology-2020-1585159320Lnm\" src=\"https:\/\/www.tsaai.eu\/wp-content\/uploads\/2023\/03\/technology-2020-1585159320Lnm.jpg\" data-orig-src=\"https:\/\/www.tsaai.eu\/wp-content\/uploads\/2023\/03\/technology-2020-1585159320Lnm-800x416.jpg\" alt class=\"lazyload img-responsive wp-image-3257\" srcset=\"data:image\/svg+xml,%3Csvg%20xmlns%3D%27http%3A%2F%2Fwww.w3.org%2F2000%2Fsvg%27%20width%3D%271920%27%20height%3D%27998%27%20viewBox%3D%270%200%201920%20998%27%3E%3Crect%20width%3D%271920%27%20height%3D%27998%27%20fill-opacity%3D%220%22%2F%3E%3C%2Fsvg%3E\" data-srcset=\"https:\/\/www.tsaai.eu\/wp-content\/uploads\/2023\/03\/technology-2020-1585159320Lnm-200x104.jpg 200w, https:\/\/www.tsaai.eu\/wp-content\/uploads\/2023\/03\/technology-2020-1585159320Lnm-400x208.jpg 400w, https:\/\/www.tsaai.eu\/wp-content\/uploads\/2023\/03\/technology-2020-1585159320Lnm-600x312.jpg 600w, https:\/\/www.tsaai.eu\/wp-content\/uploads\/2023\/03\/technology-2020-1585159320Lnm-800x416.jpg 800w, https:\/\/www.tsaai.eu\/wp-content\/uploads\/2023\/03\/technology-2020-1585159320Lnm-1200x624.jpg 1200w, https:\/\/www.tsaai.eu\/wp-content\/uploads\/2023\/03\/technology-2020-1585159320Lnm.jpg 1920w\" data-sizes=\"auto\" data-orig-sizes=\"(max-width: 640px) 100vw, 600px\" \/><\/span><\/div><\/div><\/div><\/div><\/div><div class=\"fusion-fullwidth fullwidth-box fusion-builder-row-2 fusion-flex-container has-pattern-background has-mask-background nonhundred-percent-fullwidth non-hundred-percent-height-scrolling\" style=\"--awb-border-radius-top-left:0px;--awb-border-radius-top-right:0px;--awb-border-radius-bottom-right:0px;--awb-border-radius-bottom-left:0px;--awb-padding-top:0px;--awb-padding-left:20px;--awb-flex-wrap:wrap;\" ><div class=\"fusion-builder-row fusion-row fusion-flex-align-items-flex-start fusion-flex-content-wrap\" style=\"max-width:1310.4px;margin-left: calc(-4% \/ 2 );margin-right: calc(-4% \/ 2 );\"><div class=\"fusion-layout-column fusion_builder_column fusion-builder-column-2 fusion_builder_column_1_2 1_2 fusion-flex-column\" style=\"--awb-bg-size:cover;--awb-width-large:50%;--awb-margin-top-large:20px;--awb-spacing-right-large:3.84%;--awb-margin-bottom-large:20px;--awb-spacing-left-large:3.84%;--awb-width-medium:50%;--awb-order-medium:0;--awb-spacing-right-medium:3.84%;--awb-spacing-left-medium:3.84%;--awb-width-small:100%;--awb-order-small:0;--awb-spacing-right-small:1.92%;--awb-spacing-left-small:1.92%;\"><div class=\"fusion-column-wrapper fusion-column-has-shadow fusion-flex-justify-content-center fusion-content-layout-column\"><div class=\"fusion-builder-row fusion-builder-row-inner fusion-row fusion-flex-align-items-flex-start fusion-flex-content-wrap\" style=\"width:104% !important;max-width:104% !important;margin-left: calc(-4% \/ 2 );margin-right: calc(-4% \/ 2 );\"><div class=\"fusion-layout-column fusion_builder_column_inner fusion-builder-nested-column-0 fusion_builder_column_inner_1_6 1_6 fusion-flex-column\" style=\"--awb-bg-size:cover;--awb-width-large:16.666666666667%;--awb-margin-top-large:20px;--awb-spacing-right-large:11.52%;--awb-margin-bottom-large:20px;--awb-spacing-left-large:11.52%;--awb-width-medium:16.666666666667%;--awb-order-medium:0;--awb-spacing-right-medium:11.52%;--awb-spacing-left-medium:11.52%;--awb-width-small:100%;--awb-order-small:0;--awb-spacing-right-small:1.92%;--awb-spacing-left-small:1.92%;\"><div class=\"fusion-column-wrapper fusion-column-has-shadow fusion-flex-justify-content-center fusion-content-layout-row fusion-flex-align-items-center\"><a class=\"fb-icon-element-1 fb-icon-element fontawesome-icon fa-arrow-alt-circle-left fas circle-no fusion-text-flow fusion-link icon-hover-animation-slide\" style=\"--awb-iconcolor:var(--awb-color8);--awb-font-size:51px;--awb-margin-right:25.5px;\" href=\"https:\/\/www.tsaai.eu\/ai-in-humanities\/\" aria-label=\"Link to https:\/\/www.tsaai.eu\/ai-in-humanities\/\" target=\"_self\"><\/a><\/div><\/div><div class=\"fusion-layout-column fusion_builder_column_inner fusion-builder-nested-column-1 fusion_builder_column_inner_3_5 3_5 fusion-flex-column\" style=\"--awb-bg-size:cover;--awb-width-large:60%;--awb-margin-top-large:0px;--awb-spacing-right-large:3.2%;--awb-margin-bottom-large:20px;--awb-spacing-left-large:3.2%;--awb-width-medium:60%;--awb-order-medium:0;--awb-spacing-right-medium:3.2%;--awb-spacing-left-medium:3.2%;--awb-width-small:100%;--awb-order-small:0;--awb-spacing-right-small:1.92%;--awb-spacing-left-small:1.92%;\"><div class=\"fusion-column-wrapper fusion-column-has-shadow fusion-flex-justify-content-flex-start fusion-content-layout-column\"><div class=\"fusion-text fusion-text-2\" style=\"--awb-text-color:var(--awb-color5);\"><h4><a href=\"https:\/\/www.tsaai.eu\/ai-in-humanities\/\">Rakendatud tehisintellekti kasutamine humanitaarteadustes<\/a><\/h4>\n<\/div><\/div><\/div><\/div><\/div><\/div><div class=\"fusion-layout-column fusion_builder_column fusion-builder-column-3 fusion_builder_column_1_2 1_2 fusion-flex-column\" style=\"--awb-bg-size:cover;--awb-width-large:50%;--awb-margin-top-large:20px;--awb-spacing-right-large:3.84%;--awb-margin-bottom-large:20px;--awb-spacing-left-large:3.84%;--awb-width-medium:50%;--awb-order-medium:0;--awb-spacing-right-medium:3.84%;--awb-spacing-left-medium:3.84%;--awb-width-small:100%;--awb-order-small:0;--awb-spacing-right-small:1.92%;--awb-spacing-left-small:1.92%;\"><div class=\"fusion-column-wrapper fusion-column-has-shadow fusion-flex-justify-content-center fusion-content-layout-column\"><div class=\"fusion-builder-row fusion-builder-row-inner fusion-row fusion-flex-align-items-flex-start fusion-flex-content-wrap\" style=\"width:104% !important;max-width:104% !important;margin-left: calc(-4% \/ 2 );margin-right: calc(-4% \/ 2 );\"><div class=\"fusion-layout-column fusion_builder_column_inner fusion-builder-nested-column-2 fusion_builder_column_inner_1_5 1_5 fusion-flex-column\" style=\"--awb-bg-size:cover;--awb-width-large:20%;--awb-margin-top-large:20px;--awb-spacing-right-large:9.6%;--awb-margin-bottom-large:20px;--awb-spacing-left-large:9.6%;--awb-width-medium:20%;--awb-order-medium:0;--awb-spacing-right-medium:9.6%;--awb-spacing-left-medium:9.6%;--awb-width-small:100%;--awb-order-small:0;--awb-spacing-right-small:1.92%;--awb-spacing-left-small:1.92%;\"><div class=\"fusion-column-wrapper fusion-column-has-shadow fusion-flex-justify-content-flex-start fusion-content-layout-column\"><\/div><\/div><div class=\"fusion-layout-column fusion_builder_column_inner fusion-builder-nested-column-3 fusion_builder_column_inner_3_5 3_5 fusion-flex-column\" style=\"--awb-bg-size:cover;--awb-width-large:60%;--awb-margin-top-large:0px;--awb-spacing-right-large:3.2%;--awb-margin-bottom-large:20px;--awb-spacing-left-large:3.2%;--awb-width-medium:60%;--awb-order-medium:0;--awb-spacing-right-medium:3.2%;--awb-spacing-left-medium:3.2%;--awb-width-small:100%;--awb-order-small:0;--awb-spacing-right-small:1.92%;--awb-spacing-left-small:1.92%;\"><div class=\"fusion-column-wrapper fusion-column-has-shadow fusion-flex-justify-content-flex-start fusion-content-layout-column\"><div class=\"fusion-text fusion-text-3\" style=\"--awb-text-color:var(--awb-color5);\"><h4 style=\"text-align: right;\"><a href=\"https:\/\/www.tsaai.eu\/et\/rakendatud-tehisintellekti-kasutamine-finantsvaldkonnas\/\">Rakendatud tehisintellekti kasutamine finantsvaldkonnas<\/a><\/h4>\n<\/div><\/div><\/div><div class=\"fusion-layout-column fusion_builder_column_inner fusion-builder-nested-column-4 fusion_builder_column_inner_1_6 1_6 fusion-flex-column\" style=\"--awb-bg-size:cover;--awb-width-large:16.666666666667%;--awb-margin-top-large:20px;--awb-spacing-right-large:11.52%;--awb-margin-bottom-large:20px;--awb-spacing-left-large:11.52%;--awb-width-medium:16.666666666667%;--awb-order-medium:0;--awb-spacing-right-medium:11.52%;--awb-spacing-left-medium:11.52%;--awb-width-small:100%;--awb-order-small:0;--awb-spacing-right-small:1.92%;--awb-spacing-left-small:1.92%;\"><div class=\"fusion-column-wrapper fusion-column-has-shadow fusion-flex-justify-content-center fusion-content-layout-row fusion-flex-align-items-center\"><a class=\"fb-icon-element-2 fb-icon-element fontawesome-icon fa-arrow-alt-circle-right fas circle-no fusion-text-flow fusion-link icon-hover-animation-slide\" style=\"--awb-iconcolor:var(--awb-color8);--awb-font-size:51px;--awb-margin-right:25.5px;\" href=\"https:\/\/www.tsaai.eu\/applied-ai-in-finances\/\" aria-label=\"Link to https:\/\/www.tsaai.eu\/applied-ai-in-finances\/\" target=\"_self\"><\/a><\/div><\/div><\/div><\/div><\/div><div class=\"fusion-layout-column fusion_builder_column fusion-builder-column-4 fusion_builder_column_1_2 1_2 fusion-flex-column\" style=\"--awb-bg-size:cover;--awb-width-large:50%;--awb-margin-top-large:20px;--awb-spacing-right-large:3.84%;--awb-margin-bottom-large:20px;--awb-spacing-left-large:3.84%;--awb-width-medium:50%;--awb-order-medium:0;--awb-spacing-right-medium:3.84%;--awb-spacing-left-medium:3.84%;--awb-width-small:100%;--awb-order-small:0;--awb-spacing-right-small:1.92%;--awb-spacing-left-small:1.92%;\"><div class=\"fusion-column-wrapper fusion-column-has-shadow fusion-flex-justify-content-flex-start fusion-content-layout-column\"><\/div><\/div><\/div><\/div><\/p>\n","protected":false},"excerpt":{"rendered":"","protected":false},"author":3,"featured_media":0,"parent":0,"menu_order":0,"comment_status":"closed","ping_status":"closed","template":"100-width.php","meta":{"inline_featured_image":false,"footnotes":""},"class_list":["post-4002","page","type-page","status-publish","hentry"],"yoast_head":"<!-- This site is optimized with the Yoast SEO plugin v23.6 - https:\/\/yoast.com\/wordpress\/plugins\/seo\/ -->\n<title>Rakenduslik AI t\u00f6\u00f6stuses ja asjade internetis - TSAAI<\/title>\n<meta name=\"robots\" content=\"index, follow, max-snippet:-1, max-image-preview:large, max-video-preview:-1\" \/>\n<link rel=\"canonical\" href=\"https:\/\/www.tsaai.eu\/et\/rakenduslik-ai-toostuses-ja-asjade-internetis\/\" \/>\n<meta property=\"og:locale\" content=\"et_EE\" \/>\n<meta property=\"og:type\" content=\"article\" \/>\n<meta property=\"og:title\" content=\"Rakenduslik AI t\u00f6\u00f6stuses ja asjade internetis - TSAAI\" \/>\n<meta property=\"og:url\" content=\"https:\/\/www.tsaai.eu\/et\/rakenduslik-ai-toostuses-ja-asjade-internetis\/\" \/>\n<meta property=\"og:site_name\" content=\"TSAAI\" \/>\n<meta property=\"article:modified_time\" content=\"2023-08-15T09:04:28+00:00\" \/>\n<meta name=\"twitter:card\" content=\"summary_large_image\" \/>\n<meta name=\"twitter:label1\" content=\"Est. reading time\" \/>\n\t<meta name=\"twitter:data1\" content=\"17 minutit\" \/>\n<script type=\"application\/ld+json\" class=\"yoast-schema-graph\">{\"@context\":\"https:\/\/schema.org\",\"@graph\":[{\"@type\":\"WebPage\",\"@id\":\"https:\/\/www.tsaai.eu\/et\/rakenduslik-ai-toostuses-ja-asjade-internetis\/\",\"url\":\"https:\/\/www.tsaai.eu\/et\/rakenduslik-ai-toostuses-ja-asjade-internetis\/\",\"name\":\"Rakenduslik AI t\u00f6\u00f6stuses ja asjade internetis - TSAAI\",\"isPartOf\":{\"@id\":\"https:\/\/www.tsaai.eu\/et\/#website\"},\"datePublished\":\"2023-03-03T19:22:04+00:00\",\"dateModified\":\"2023-08-15T09:04:28+00:00\",\"breadcrumb\":{\"@id\":\"https:\/\/www.tsaai.eu\/et\/rakenduslik-ai-toostuses-ja-asjade-internetis\/#breadcrumb\"},\"inLanguage\":\"et\",\"potentialAction\":[{\"@type\":\"ReadAction\",\"target\":[\"https:\/\/www.tsaai.eu\/et\/rakenduslik-ai-toostuses-ja-asjade-internetis\/\"]}]},{\"@type\":\"BreadcrumbList\",\"@id\":\"https:\/\/www.tsaai.eu\/et\/rakenduslik-ai-toostuses-ja-asjade-internetis\/#breadcrumb\",\"itemListElement\":[{\"@type\":\"ListItem\",\"position\":1,\"name\":\"Home\",\"item\":\"https:\/\/www.tsaai.eu\/et\/tsaai\/\"},{\"@type\":\"ListItem\",\"position\":2,\"name\":\"Rakenduslik AI t\u00f6\u00f6stuses ja asjade internetis\"}]},{\"@type\":\"WebSite\",\"@id\":\"https:\/\/www.tsaai.eu\/et\/#website\",\"url\":\"https:\/\/www.tsaai.eu\/et\/\",\"name\":\"TSAAI\",\"description\":\"Transversal Skills in Applied Artificial Intelligence\",\"publisher\":{\"@id\":\"https:\/\/www.tsaai.eu\/et\/#organization\"},\"potentialAction\":[{\"@type\":\"SearchAction\",\"target\":{\"@type\":\"EntryPoint\",\"urlTemplate\":\"https:\/\/www.tsaai.eu\/et\/?s={search_term_string}\"},\"query-input\":{\"@type\":\"PropertyValueSpecification\",\"valueRequired\":true,\"valueName\":\"search_term_string\"}}],\"inLanguage\":\"et\"},{\"@type\":\"Organization\",\"@id\":\"https:\/\/www.tsaai.eu\/et\/#organization\",\"name\":\"TSAAI\",\"url\":\"https:\/\/www.tsaai.eu\/et\/\",\"logo\":{\"@type\":\"ImageObject\",\"inLanguage\":\"et\",\"@id\":\"https:\/\/www.tsaai.eu\/et\/#\/schema\/logo\/image\/\",\"url\":\"https:\/\/www.tsaai.eu\/wp-content\/uploads\/2022\/11\/logo_TSAAI-header-big-blue.svg\",\"contentUrl\":\"https:\/\/www.tsaai.eu\/wp-content\/uploads\/2022\/11\/logo_TSAAI-header-big-blue.svg\",\"width\":1356,\"height\":243,\"caption\":\"TSAAI\"},\"image\":{\"@id\":\"https:\/\/www.tsaai.eu\/et\/#\/schema\/logo\/image\/\"}}]}<\/script>\n<!-- \/ Yoast SEO plugin. -->","yoast_head_json":{"title":"Rakenduslik AI t\u00f6\u00f6stuses ja asjade internetis - TSAAI","robots":{"index":"index","follow":"follow","max-snippet":"max-snippet:-1","max-image-preview":"max-image-preview:large","max-video-preview":"max-video-preview:-1"},"canonical":"https:\/\/www.tsaai.eu\/et\/rakenduslik-ai-toostuses-ja-asjade-internetis\/","og_locale":"et_EE","og_type":"article","og_title":"Rakenduslik AI t\u00f6\u00f6stuses ja asjade internetis - TSAAI","og_url":"https:\/\/www.tsaai.eu\/et\/rakenduslik-ai-toostuses-ja-asjade-internetis\/","og_site_name":"TSAAI","article_modified_time":"2023-08-15T09:04:28+00:00","twitter_card":"summary_large_image","twitter_misc":{"Est. reading time":"17 minutit"},"schema":{"@context":"https:\/\/schema.org","@graph":[{"@type":"WebPage","@id":"https:\/\/www.tsaai.eu\/et\/rakenduslik-ai-toostuses-ja-asjade-internetis\/","url":"https:\/\/www.tsaai.eu\/et\/rakenduslik-ai-toostuses-ja-asjade-internetis\/","name":"Rakenduslik AI t\u00f6\u00f6stuses ja asjade internetis - TSAAI","isPartOf":{"@id":"https:\/\/www.tsaai.eu\/et\/#website"},"datePublished":"2023-03-03T19:22:04+00:00","dateModified":"2023-08-15T09:04:28+00:00","breadcrumb":{"@id":"https:\/\/www.tsaai.eu\/et\/rakenduslik-ai-toostuses-ja-asjade-internetis\/#breadcrumb"},"inLanguage":"et","potentialAction":[{"@type":"ReadAction","target":["https:\/\/www.tsaai.eu\/et\/rakenduslik-ai-toostuses-ja-asjade-internetis\/"]}]},{"@type":"BreadcrumbList","@id":"https:\/\/www.tsaai.eu\/et\/rakenduslik-ai-toostuses-ja-asjade-internetis\/#breadcrumb","itemListElement":[{"@type":"ListItem","position":1,"name":"Home","item":"https:\/\/www.tsaai.eu\/et\/tsaai\/"},{"@type":"ListItem","position":2,"name":"Rakenduslik AI t\u00f6\u00f6stuses ja asjade internetis"}]},{"@type":"WebSite","@id":"https:\/\/www.tsaai.eu\/et\/#website","url":"https:\/\/www.tsaai.eu\/et\/","name":"TSAAI","description":"Transversal Skills in Applied Artificial Intelligence","publisher":{"@id":"https:\/\/www.tsaai.eu\/et\/#organization"},"potentialAction":[{"@type":"SearchAction","target":{"@type":"EntryPoint","urlTemplate":"https:\/\/www.tsaai.eu\/et\/?s={search_term_string}"},"query-input":{"@type":"PropertyValueSpecification","valueRequired":true,"valueName":"search_term_string"}}],"inLanguage":"et"},{"@type":"Organization","@id":"https:\/\/www.tsaai.eu\/et\/#organization","name":"TSAAI","url":"https:\/\/www.tsaai.eu\/et\/","logo":{"@type":"ImageObject","inLanguage":"et","@id":"https:\/\/www.tsaai.eu\/et\/#\/schema\/logo\/image\/","url":"https:\/\/www.tsaai.eu\/wp-content\/uploads\/2022\/11\/logo_TSAAI-header-big-blue.svg","contentUrl":"https:\/\/www.tsaai.eu\/wp-content\/uploads\/2022\/11\/logo_TSAAI-header-big-blue.svg","width":1356,"height":243,"caption":"TSAAI"},"image":{"@id":"https:\/\/www.tsaai.eu\/et\/#\/schema\/logo\/image\/"}}]}},"_links":{"self":[{"href":"https:\/\/www.tsaai.eu\/et\/wp-json\/wp\/v2\/pages\/4002","targetHints":{"allow":["GET"]}}],"collection":[{"href":"https:\/\/www.tsaai.eu\/et\/wp-json\/wp\/v2\/pages"}],"about":[{"href":"https:\/\/www.tsaai.eu\/et\/wp-json\/wp\/v2\/types\/page"}],"author":[{"embeddable":true,"href":"https:\/\/www.tsaai.eu\/et\/wp-json\/wp\/v2\/users\/3"}],"replies":[{"embeddable":true,"href":"https:\/\/www.tsaai.eu\/et\/wp-json\/wp\/v2\/comments?post=4002"}],"version-history":[{"count":11,"href":"https:\/\/www.tsaai.eu\/et\/wp-json\/wp\/v2\/pages\/4002\/revisions"}],"predecessor-version":[{"id":4043,"href":"https:\/\/www.tsaai.eu\/et\/wp-json\/wp\/v2\/pages\/4002\/revisions\/4043"}],"wp:attachment":[{"href":"https:\/\/www.tsaai.eu\/et\/wp-json\/wp\/v2\/media?parent=4002"}],"curies":[{"name":"wp","href":"https:\/\/api.w.org\/{rel}","templated":true}]}}