{"id":4065,"date":"2023-02-20T19:13:56","date_gmt":"2023-02-20T19:13:56","guid":{"rendered":"https:\/\/www.tsaai.eu\/ips\/"},"modified":"2023-08-15T11:00:38","modified_gmt":"2023-08-15T11:00:38","slug":"ips","status":"publish","type":"page","link":"https:\/\/www.tsaai.eu\/et\/ips\/","title":{"rendered":"IPS"},"content":{"rendered":"<div class=\"fusion-fullwidth fullwidth-box fusion-builder-row-1 fusion-flex-container has-pattern-background has-mask-background nonhundred-percent-fullwidth non-hundred-percent-height-scrolling\" style=\"--awb-border-radius-top-left:0px;--awb-border-radius-top-right:0px;--awb-border-radius-bottom-right:0px;--awb-border-radius-bottom-left:0px;--awb-flex-wrap:wrap;\" ><div class=\"fusion-builder-row fusion-row fusion-flex-align-items-flex-start fusion-flex-content-wrap\" style=\"max-width:1310.4px;margin-left: calc(-4% \/ 2 );margin-right: calc(-4% \/ 2 );\"><div class=\"fusion-layout-column fusion_builder_column fusion-builder-column-0 fusion_builder_column_1_3 1_3 fusion-flex-column\" style=\"--awb-bg-size:cover;--awb-width-large:33.333333333333%;--awb-margin-top-large:20px;--awb-spacing-right-large:5.76%;--awb-margin-bottom-large:20px;--awb-spacing-left-large:5.76%;--awb-width-medium:33.333333333333%;--awb-order-medium:0;--awb-spacing-right-medium:5.76%;--awb-spacing-left-medium:5.76%;--awb-width-small:100%;--awb-order-small:0;--awb-spacing-right-small:1.92%;--awb-spacing-left-small:1.92%;\"><div class=\"fusion-column-wrapper fusion-column-has-shadow fusion-flex-justify-content-flex-start fusion-content-layout-column\"><div class=\"fusion-image-element awb-imageframe-style awb-imageframe-style-below awb-imageframe-style-1\" style=\"--awb-caption-title-font-family:var(--h4_typography-font-family);--awb-caption-title-font-weight:var(--h4_typography-font-weight);--awb-caption-title-font-style:var(--h4_typography-font-style);--awb-caption-title-size:var(--h4_typography-font-size);--awb-caption-title-transform:var(--h4_typography-text-transform);--awb-caption-title-line-height:var(--h4_typography-line-height);--awb-caption-title-letter-spacing:var(--h4_typography-letter-spacing);\"><span class=\" fusion-imageframe imageframe-none imageframe-1 hover-type-none\" style=\"border-radius:12px;\"><a class=\"fusion-no-lightbox\" href=\"https:\/\/www.mps.si\/en\/\" target=\"_blank\" aria-label=\"ips\" rel=\"noopener noreferrer\"><img decoding=\"async\" width=\"500\" height=\"375\" alt=\"Jo\u017eef Stefani rahvusvaheline k\u00f5rgkool\" src=\"https:\/\/www.tsaai.eu\/wp-content\/uploads\/2023\/02\/ips.jpg\" data-orig-src=\"https:\/\/www.tsaai.eu\/wp-content\/uploads\/2023\/02\/ips.jpg\" class=\"lazyload img-responsive wp-image-3005\" srcset=\"data:image\/svg+xml,%3Csvg%20xmlns%3D%27http%3A%2F%2Fwww.w3.org%2F2000%2Fsvg%27%20width%3D%27500%27%20height%3D%27375%27%20viewBox%3D%270%200%20500%20375%27%3E%3Crect%20width%3D%27500%27%20height%3D%27375%27%20fill-opacity%3D%220%22%2F%3E%3C%2Fsvg%3E\" data-srcset=\"https:\/\/www.tsaai.eu\/wp-content\/uploads\/2023\/02\/ips-200x150.jpg 200w, https:\/\/www.tsaai.eu\/wp-content\/uploads\/2023\/02\/ips-400x300.jpg 400w, https:\/\/www.tsaai.eu\/wp-content\/uploads\/2023\/02\/ips.jpg 500w\" data-sizes=\"auto\" data-orig-sizes=\"(max-width: 640px) 100vw, 400px\" \/><\/a><\/span><div class=\"awb-imageframe-caption-container\"><div class=\"awb-imageframe-caption\"><h4 class=\"awb-imageframe-caption-title\">Jo\u017eef Stefani rahvusvaheline k\u00f5rgkool<\/h4><p class=\"awb-imageframe-caption-text\">Ljubljana. Sloveenia<\/p><\/div><\/div><\/div><\/div><\/div><div class=\"fusion-layout-column fusion_builder_column fusion-builder-column-1 fusion_builder_column_2_3 2_3 fusion-flex-column\" style=\"--awb-bg-size:cover;--awb-width-large:66.666666666667%;--awb-margin-top-large:20px;--awb-spacing-right-large:2.88%;--awb-margin-bottom-large:20px;--awb-spacing-left-large:2.88%;--awb-width-medium:66.666666666667%;--awb-order-medium:0;--awb-spacing-right-medium:2.88%;--awb-spacing-left-medium:2.88%;--awb-width-small:100%;--awb-order-small:0;--awb-spacing-right-small:1.92%;--awb-spacing-left-small:1.92%;\"><div class=\"fusion-column-wrapper fusion-column-has-shadow fusion-flex-justify-content-flex-start fusion-content-layout-column\"><div class=\"fusion-text fusion-text-1\"><p>Jo\u017eef Stefani rahvusvaheline k\u00f5rgkool (IPS) asutati 2004. aastal iseseisva k\u00f5rgkooli staatusega. Selle \u00f5ppekavad on vastu v\u00f5etud Sloveenia riikliku k\u00f5rgharidusn\u00f5ukogu poolt. Algatus IPSi loomiseks tuli Jo\u017eef Stefani Instituudi (JSI) poolt. Seda toetasid tugevalt t\u00f6\u00f6stuse esindajad (Gorenje, Kolektor, Salonit) ning Euroopa Liidu, USA, Jaapani ja paljude teiste riikide \u00fclikoolide ja uurimisinstituutide rahvusvaheline v\u00f5rgustik. Jo\u017eef Stefani Instituut loob keskse teadus- ja haridusbaasi, samas kui teised partnerid, n\u00e4iteks kutsutud uurimisinstituudid, t\u00f6\u00f6stusettev\u00f5tted ja muud ettev\u00f5tted panustavad oma teadmistega ja innovatsiooniv\u00f5imekusega arenguprobleemide lahendamisse.<\/p>\n<p>Jo\u017eef Stefani rahvusvaheline k\u00f5rgkool (IPS) asub Jo\u017eef Stefani instituudis (JSI). <\/p>\n<\/div><\/div><\/div><div class=\"fusion-layout-column fusion_builder_column fusion-builder-column-2 fusion_builder_column_1_1 1_1 fusion-flex-column fusion-flex-align-self-center\" style=\"--awb-bg-size:cover;--awb-width-large:100%;--awb-margin-top-large:25px;--awb-spacing-right-large:1.92%;--awb-margin-bottom-large:20px;--awb-spacing-left-large:1.92%;--awb-width-medium:100%;--awb-order-medium:0;--awb-spacing-right-medium:1.92%;--awb-spacing-left-medium:1.92%;--awb-width-small:100%;--awb-order-small:0;--awb-margin-top-small:24px;--awb-spacing-right-small:1.92%;--awb-spacing-left-small:1.92%;\" data-scroll-devices=\"small-visibility,medium-visibility,large-visibility\"><div class=\"fusion-column-wrapper fusion-column-has-shadow fusion-flex-justify-content-space-around fusion-content-layout-row fusion-flex-align-items-flex-end\"><div class=\"fusion-image-element awb-imageframe-style awb-imageframe-style-below awb-imageframe-style-2\" style=\"text-align:center;--awb-margin-top:10px;--awb-margin-right:10px;--awb-margin-bottom:10px;--awb-margin-left:10px;--awb-max-width:90px;--awb-caption-title-font-family:var(--body_typography-font-family);--awb-caption-title-font-weight:var(--body_typography-font-weight);--awb-caption-title-font-style:var(--body_typography-font-style);--awb-caption-title-size:14px;--awb-caption-title-transform:var(--body_typography-text-transform);--awb-caption-title-line-height:var(--body_typography-line-height);--awb-caption-title-letter-spacing:var(--body_typography-letter-spacing);\"><span class=\" fusion-imageframe imageframe-none imageframe-2 hover-type-none\"><a class=\"fusion-no-lightbox\" href=\"https:\/\/uniri.hr\/\" target=\"_self\" aria-label=\"uniri-logo-header\"><img decoding=\"async\" width=\"300\" height=\"91\" alt=\"UNIRI | Sveu\u010dili\u0161te u Rijeci\" src=\"data:image\/svg+xml,%3Csvg%20xmlns%3D%27http%3A%2F%2Fwww.w3.org%2F2000%2Fsvg%27%20width%3D%2753%27%20height%3D%2716%27%20viewBox%3D%270%200%2053%2016%27%3E%3Crect%20width%3D%2753%27%20height%3D%2716%27%20fill-opacity%3D%220%22%2F%3E%3C%2Fsvg%3E\" data-orig-src=\"https:\/\/www.tsaai.eu\/wp-content\/uploads\/2022\/11\/uniri-logo-header.svg\" class=\"lazyload img-responsive wp-image-2780\"\/><\/a><\/span><div class=\"awb-imageframe-caption-container\" style=\"text-align:center;\"><div class=\"awb-imageframe-caption\"><div class=\"awb-imageframe-caption-title\">Croatia<\/div><\/div><\/div><\/div><div class=\"fusion-image-element awb-imageframe-style awb-imageframe-style-below awb-imageframe-style-3\" style=\"text-align:center;--awb-margin-top:10px;--awb-margin-right:10px;--awb-margin-bottom:10px;--awb-margin-left:10px;--awb-max-width:130px;--awb-caption-title-font-family:var(--body_typography-font-family);--awb-caption-title-font-weight:var(--body_typography-font-weight);--awb-caption-title-font-style:var(--body_typography-font-style);--awb-caption-title-size:14px;--awb-caption-title-transform:var(--body_typography-text-transform);--awb-caption-title-line-height:var(--body_typography-line-height);--awb-caption-title-letter-spacing:var(--body_typography-letter-spacing);\"><span class=\" fusion-imageframe imageframe-none imageframe-3 hover-type-none\"><a class=\"fusion-no-lightbox\" href=\"https:\/\/www.uma.es\" target=\"_blank\" aria-label=\"marca 50 aniversario convivencia UMA positivo\" rel=\"noopener noreferrer\"><img decoding=\"async\" width=\"800\" height=\"207\" alt=\"Universidad de M\u00e1laga\" src=\"data:image\/svg+xml,%3Csvg%20xmlns%3D%27http%3A%2F%2Fwww.w3.org%2F2000%2Fsvg%27%20width%3D%273547%27%20height%3D%272363%27%20viewBox%3D%270%200%203547%202363%27%3E%3Crect%20width%3D%273547%27%20height%3D%272363%27%20fill-opacity%3D%220%22%2F%3E%3C%2Fsvg%3E\" data-orig-src=\"https:\/\/www.tsaai.eu\/wp-content\/uploads\/2023\/02\/marca-50-aniversario-convivencia-UMA-positivo-e1677613509938-800x207.png\" class=\"lazyload img-responsive wp-image-3161\"\/><\/a><\/span><div class=\"awb-imageframe-caption-container\" style=\"text-align:center;\"><div class=\"awb-imageframe-caption\"><div class=\"awb-imageframe-caption-title\">Spain<\/div><\/div><\/div><\/div><div class=\"fusion-image-element awb-imageframe-style awb-imageframe-style-below awb-imageframe-style-4\" style=\"text-align:center;--awb-margin-top:10px;--awb-margin-right:10px;--awb-margin-bottom:10px;--awb-margin-left:10px;--awb-max-width:130px;--awb-caption-title-font-family:var(--body_typography-font-family);--awb-caption-title-font-weight:var(--body_typography-font-weight);--awb-caption-title-font-style:var(--body_typography-font-style);--awb-caption-title-size:14px;--awb-caption-title-transform:var(--body_typography-text-transform);--awb-caption-title-line-height:var(--body_typography-line-height);--awb-caption-title-letter-spacing:var(--body_typography-letter-spacing);\"><span class=\" fusion-imageframe imageframe-none imageframe-4 hover-type-none\"><a class=\"fusion-no-lightbox\" href=\"https:\/\/taltech.ee\/\" target=\"_blank\" aria-label=\"Logo_veeb_esitlus_png\" rel=\"noopener noreferrer\"><img decoding=\"async\" width=\"300\" height=\"123\" alt=\"TalTech | Tallinna Tehnika\u00fclikool\" src=\"https:\/\/www.tsaai.eu\/wp-content\/uploads\/2022\/11\/Logo_veeb_esitlus_png-e1670836387915.png\" data-orig-src=\"https:\/\/www.tsaai.eu\/wp-content\/uploads\/2022\/11\/Logo_veeb_esitlus_png-e1670836387915-300x123.png\" class=\"lazyload img-responsive wp-image-2774\" srcset=\"data:image\/svg+xml,%3Csvg%20xmlns%3D%27http%3A%2F%2Fwww.w3.org%2F2000%2Fsvg%27%20width%3D%27945%27%20height%3D%27389%27%20viewBox%3D%270%200%20945%20389%27%3E%3Crect%20width%3D%27945%27%20height%3D%27389%27%20fill-opacity%3D%220%22%2F%3E%3C%2Fsvg%3E\" data-srcset=\"https:\/\/www.tsaai.eu\/wp-content\/uploads\/2022\/11\/Logo_veeb_esitlus_png-e1670836387915-200x82.png 200w, https:\/\/www.tsaai.eu\/wp-content\/uploads\/2022\/11\/Logo_veeb_esitlus_png-e1670836387915-400x165.png 400w, https:\/\/www.tsaai.eu\/wp-content\/uploads\/2022\/11\/Logo_veeb_esitlus_png-e1670836387915-600x247.png 600w, https:\/\/www.tsaai.eu\/wp-content\/uploads\/2022\/11\/Logo_veeb_esitlus_png-e1670836387915-800x329.png 800w, https:\/\/www.tsaai.eu\/wp-content\/uploads\/2022\/11\/Logo_veeb_esitlus_png-e1670836387915.png 945w\" data-sizes=\"auto\" data-orig-sizes=\"(max-width: 640px) 100vw, 300px\" \/><\/a><\/span><div class=\"awb-imageframe-caption-container\" style=\"text-align:center;\"><div class=\"awb-imageframe-caption\"><div class=\"awb-imageframe-caption-title\">Estonia<\/div><\/div><\/div><\/div><div class=\"fusion-image-element awb-imageframe-style awb-imageframe-style-below awb-imageframe-style-5\" style=\"text-align:center;--awb-margin-top:10px;--awb-margin-right:10px;--awb-margin-bottom:10px;--awb-margin-left:10px;--awb-max-width:130px;--awb-caption-title-font-family:var(--body_typography-font-family);--awb-caption-title-font-weight:var(--body_typography-font-weight);--awb-caption-title-font-style:var(--body_typography-font-style);--awb-caption-title-size:14px;--awb-caption-title-transform:var(--body_typography-text-transform);--awb-caption-title-line-height:var(--body_typography-line-height);--awb-caption-title-letter-spacing:var(--body_typography-letter-spacing);\"><span class=\" fusion-imageframe imageframe-none imageframe-5 hover-type-none\"><a class=\"fusion-no-lightbox\" href=\"https:\/\/www.ibu.edu.mk\/\" target=\"_blank\" aria-label=\"LOGO-300&#215;119\" rel=\"noopener noreferrer\"><img decoding=\"async\" width=\"300\" height=\"119\" alt=\"International Balkan University (IBU)\" src=\"https:\/\/www.tsaai.eu\/wp-content\/uploads\/2022\/11\/LOGO-300x119-1.png\" data-orig-src=\"https:\/\/www.tsaai.eu\/wp-content\/uploads\/2022\/11\/LOGO-300x119-1.png\" class=\"lazyload img-responsive wp-image-2762\" srcset=\"data:image\/svg+xml,%3Csvg%20xmlns%3D%27http%3A%2F%2Fwww.w3.org%2F2000%2Fsvg%27%20width%3D%27300%27%20height%3D%27119%27%20viewBox%3D%270%200%20300%20119%27%3E%3Crect%20width%3D%27300%27%20height%3D%27119%27%20fill-opacity%3D%220%22%2F%3E%3C%2Fsvg%3E\" data-srcset=\"https:\/\/www.tsaai.eu\/wp-content\/uploads\/2022\/11\/LOGO-300x119-1-200x79.png 200w, https:\/\/www.tsaai.eu\/wp-content\/uploads\/2022\/11\/LOGO-300x119-1.png 300w\" data-sizes=\"auto\" data-orig-sizes=\"(max-width: 640px) 100vw, 300px\" \/><\/a><\/span><div class=\"awb-imageframe-caption-container\" style=\"text-align:center;\"><div class=\"awb-imageframe-caption\"><div class=\"awb-imageframe-caption-title\">North Macedonia<\/div><\/div><\/div><\/div><div class=\"fusion-image-element awb-imageframe-style awb-imageframe-style-below awb-imageframe-style-6\" style=\"text-align:center;--awb-margin-top:10px;--awb-margin-right:10px;--awb-margin-bottom:10px;--awb-margin-left:10px;--awb-max-width:130px;--awb-caption-title-font-family:var(--body_typography-font-family);--awb-caption-title-font-weight:var(--body_typography-font-weight);--awb-caption-title-font-style:var(--body_typography-font-style);--awb-caption-title-size:14px;--awb-caption-title-transform:var(--body_typography-text-transform);--awb-caption-title-line-height:var(--body_typography-line-height);--awb-caption-title-letter-spacing:var(--body_typography-letter-spacing);\"><span class=\" fusion-imageframe imageframe-none imageframe-6 hover-type-none\"><a class=\"fusion-no-lightbox\" href=\"https:\/\/www.ijs.si\/ijsw\" target=\"_blank\" aria-label=\"josef-stefan\" rel=\"noopener noreferrer\"><img decoding=\"async\" width=\"300\" height=\"88\" src=\"https:\/\/www.tsaai.eu\/wp-content\/uploads\/2022\/12\/josef-stefan-e1670836421902.png\" data-orig-src=\"https:\/\/www.tsaai.eu\/wp-content\/uploads\/2022\/12\/josef-stefan-e1670836421902.png\" alt class=\"lazyload img-responsive wp-image-2810\" srcset=\"data:image\/svg+xml,%3Csvg%20xmlns%3D%27http%3A%2F%2Fwww.w3.org%2F2000%2Fsvg%27%20width%3D%27300%27%20height%3D%2788%27%20viewBox%3D%270%200%20300%2088%27%3E%3Crect%20width%3D%27300%27%20height%3D%2788%27%20fill-opacity%3D%220%22%2F%3E%3C%2Fsvg%3E\" data-srcset=\"https:\/\/www.tsaai.eu\/wp-content\/uploads\/2022\/12\/josef-stefan-e1670836421902-200x59.png 200w, https:\/\/www.tsaai.eu\/wp-content\/uploads\/2022\/12\/josef-stefan-e1670836421902.png 300w\" data-sizes=\"auto\" data-orig-sizes=\"(max-width: 640px) 100vw, 300px\" \/><\/a><\/span><div class=\"awb-imageframe-caption-container\" style=\"text-align:center;\"><div class=\"awb-imageframe-caption\"><div class=\"awb-imageframe-caption-title\">Slovenia<\/div><\/div><\/div><\/div><div class=\"fusion-image-element awb-imageframe-style awb-imageframe-style-below awb-imageframe-style-7\" style=\"text-align:center;--awb-margin-top:10px;--awb-margin-right:10px;--awb-margin-bottom:10px;--awb-margin-left:10px;--awb-max-width:130px;--awb-caption-title-font-family:var(--body_typography-font-family);--awb-caption-title-font-weight:var(--body_typography-font-weight);--awb-caption-title-font-style:var(--body_typography-font-style);--awb-caption-title-size:14px;--awb-caption-title-transform:var(--body_typography-text-transform);--awb-caption-title-line-height:var(--body_typography-line-height);--awb-caption-title-letter-spacing:var(--body_typography-letter-spacing);\"><span class=\" fusion-imageframe imageframe-none imageframe-7 hover-type-none\"><a class=\"fusion-no-lightbox\" href=\"https:\/\/www.mps.si\/en\/\" target=\"_blank\" aria-label=\"mps-logo\" rel=\"noopener noreferrer\"><img decoding=\"async\" width=\"150\" height=\"45\" alt=\"Mednarodna podiplmska \u0161ola Jo\u017eeta \u0160tefana\" src=\"data:image\/svg+xml,%3Csvg%20xmlns%3D%27http%3A%2F%2Fwww.w3.org%2F2000%2Fsvg%27%20width%3D%27300%27%20height%3D%2789%27%20viewBox%3D%270%200%20300%2089%27%3E%3Crect%20width%3D%27300%27%20height%3D%2789%27%20fill-opacity%3D%220%22%2F%3E%3C%2Fsvg%3E\" data-orig-src=\"https:\/\/www.tsaai.eu\/wp-content\/uploads\/2022\/11\/mps-logo.svg\" class=\"lazyload img-responsive wp-image-2756\"\/><\/a><\/span><div class=\"awb-imageframe-caption-container\" style=\"text-align:center;\"><div class=\"awb-imageframe-caption\"><div class=\"awb-imageframe-caption-title\">Slovenia<\/div><p class=\"awb-imageframe-caption-text\">Jo\u017eef Stefan International Postgraduate School<\/p><\/div><\/div><\/div><div class=\"fusion-image-element awb-imageframe-style awb-imageframe-style-below awb-imageframe-style-8\" style=\"text-align:center;--awb-margin-top:10px;--awb-margin-right:10px;--awb-margin-bottom:10px;--awb-margin-left:10px;--awb-max-width:130px;--awb-caption-title-font-family:var(--body_typography-font-family);--awb-caption-title-font-weight:var(--body_typography-font-weight);--awb-caption-title-font-style:var(--body_typography-font-style);--awb-caption-title-size:14px;--awb-caption-title-transform:var(--body_typography-text-transform);--awb-caption-title-line-height:var(--body_typography-line-height);--awb-caption-title-letter-spacing:var(--body_typography-letter-spacing);\"><span class=\" fusion-imageframe imageframe-none imageframe-8 hover-type-none\"><a class=\"fusion-no-lightbox\" href=\"https:\/\/www.hs-offenburg.de\/\" target=\"_blank\" aria-label=\"HSOG_logogross\" rel=\"noopener noreferrer\"><img decoding=\"async\" width=\"300\" height=\"126\" alt=\"Hochschule Offenburg\" src=\"https:\/\/www.tsaai.eu\/wp-content\/uploads\/2023\/06\/HSOG_logogross.png\" data-orig-src=\"https:\/\/www.tsaai.eu\/wp-content\/uploads\/2023\/06\/HSOG_logogross-300x126.png\" class=\"lazyload img-responsive wp-image-3601\" srcset=\"data:image\/svg+xml,%3Csvg%20xmlns%3D%27http%3A%2F%2Fwww.w3.org%2F2000%2Fsvg%27%20width%3D%271576%27%20height%3D%27661%27%20viewBox%3D%270%200%201576%20661%27%3E%3Crect%20width%3D%271576%27%20height%3D%27661%27%20fill-opacity%3D%220%22%2F%3E%3C%2Fsvg%3E\" data-srcset=\"https:\/\/www.tsaai.eu\/wp-content\/uploads\/2023\/06\/HSOG_logogross-200x84.png 200w, https:\/\/www.tsaai.eu\/wp-content\/uploads\/2023\/06\/HSOG_logogross-400x168.png 400w, https:\/\/www.tsaai.eu\/wp-content\/uploads\/2023\/06\/HSOG_logogross-600x252.png 600w, https:\/\/www.tsaai.eu\/wp-content\/uploads\/2023\/06\/HSOG_logogross-800x336.png 800w, https:\/\/www.tsaai.eu\/wp-content\/uploads\/2023\/06\/HSOG_logogross-1200x503.png 1200w, https:\/\/www.tsaai.eu\/wp-content\/uploads\/2023\/06\/HSOG_logogross.png 1576w\" data-sizes=\"auto\" data-orig-sizes=\"(max-width: 640px) 100vw, 300px\" \/><\/a><\/span><div class=\"awb-imageframe-caption-container\" style=\"text-align:center;\"><div class=\"awb-imageframe-caption\"><div class=\"awb-imageframe-caption-title\">Germany<\/div><\/div><\/div><\/div><\/div><\/div>\n<\/div><\/div>\n","protected":false},"excerpt":{"rendered":"","protected":false},"author":3,"featured_media":2756,"parent":0,"menu_order":0,"comment_status":"closed","ping_status":"closed","template":"100-width.php","meta":{"inline_featured_image":false,"footnotes":""},"class_list":["post-4065","page","type-page","status-publish","has-post-thumbnail","hentry"],"yoast_head":"<!-- This site is optimized with the Yoast SEO plugin v23.6 - https:\/\/yoast.com\/wordpress\/plugins\/seo\/ -->\n<title>IPS - TSAAI<\/title>\n<meta name=\"robots\" content=\"index, follow, max-snippet:-1, max-image-preview:large, max-video-preview:-1\" \/>\n<link rel=\"canonical\" href=\"https:\/\/www.tsaai.eu\/et\/ips\/\" \/>\n<meta property=\"og:locale\" content=\"et_EE\" \/>\n<meta property=\"og:type\" content=\"article\" \/>\n<meta property=\"og:title\" content=\"IPS - TSAAI\" \/>\n<meta property=\"og:url\" content=\"https:\/\/www.tsaai.eu\/et\/ips\/\" \/>\n<meta property=\"og:site_name\" content=\"TSAAI\" \/>\n<meta property=\"article:modified_time\" content=\"2023-08-15T11:00:38+00:00\" \/>\n<meta name=\"twitter:card\" content=\"summary_large_image\" \/>\n<meta name=\"twitter:label1\" content=\"Est. reading time\" \/>\n\t<meta name=\"twitter:data1\" content=\"5 minutit\" \/>\n<script type=\"application\/ld+json\" class=\"yoast-schema-graph\">{\"@context\":\"https:\/\/schema.org\",\"@graph\":[{\"@type\":\"WebPage\",\"@id\":\"https:\/\/www.tsaai.eu\/et\/ips\/\",\"url\":\"https:\/\/www.tsaai.eu\/et\/ips\/\",\"name\":\"IPS - TSAAI\",\"isPartOf\":{\"@id\":\"https:\/\/www.tsaai.eu\/et\/#website\"},\"primaryImageOfPage\":{\"@id\":\"https:\/\/www.tsaai.eu\/et\/ips\/#primaryimage\"},\"image\":{\"@id\":\"https:\/\/www.tsaai.eu\/et\/ips\/#primaryimage\"},\"thumbnailUrl\":\"https:\/\/www.tsaai.eu\/wp-content\/uploads\/2022\/11\/mps-logo.svg\",\"datePublished\":\"2023-02-20T19:13:56+00:00\",\"dateModified\":\"2023-08-15T11:00:38+00:00\",\"breadcrumb\":{\"@id\":\"https:\/\/www.tsaai.eu\/et\/ips\/#breadcrumb\"},\"inLanguage\":\"et\",\"potentialAction\":[{\"@type\":\"ReadAction\",\"target\":[\"https:\/\/www.tsaai.eu\/et\/ips\/\"]}]},{\"@type\":\"ImageObject\",\"inLanguage\":\"et\",\"@id\":\"https:\/\/www.tsaai.eu\/et\/ips\/#primaryimage\",\"url\":\"https:\/\/www.tsaai.eu\/wp-content\/uploads\/2022\/11\/mps-logo.svg\",\"contentUrl\":\"https:\/\/www.tsaai.eu\/wp-content\/uploads\/2022\/11\/mps-logo.svg\",\"width\":300,\"height\":89,\"caption\":\"Jo\u017eef Stefan International Postgraduate School\"},{\"@type\":\"BreadcrumbList\",\"@id\":\"https:\/\/www.tsaai.eu\/et\/ips\/#breadcrumb\",\"itemListElement\":[{\"@type\":\"ListItem\",\"position\":1,\"name\":\"Home\",\"item\":\"https:\/\/www.tsaai.eu\/et\/tsaai\/\"},{\"@type\":\"ListItem\",\"position\":2,\"name\":\"IPS\"}]},{\"@type\":\"WebSite\",\"@id\":\"https:\/\/www.tsaai.eu\/et\/#website\",\"url\":\"https:\/\/www.tsaai.eu\/et\/\",\"name\":\"TSAAI\",\"description\":\"Transversal Skills in Applied Artificial Intelligence\",\"publisher\":{\"@id\":\"https:\/\/www.tsaai.eu\/et\/#organization\"},\"potentialAction\":[{\"@type\":\"SearchAction\",\"target\":{\"@type\":\"EntryPoint\",\"urlTemplate\":\"https:\/\/www.tsaai.eu\/et\/?s={search_term_string}\"},\"query-input\":{\"@type\":\"PropertyValueSpecification\",\"valueRequired\":true,\"valueName\":\"search_term_string\"}}],\"inLanguage\":\"et\"},{\"@type\":\"Organization\",\"@id\":\"https:\/\/www.tsaai.eu\/et\/#organization\",\"name\":\"TSAAI\",\"url\":\"https:\/\/www.tsaai.eu\/et\/\",\"logo\":{\"@type\":\"ImageObject\",\"inLanguage\":\"et\",\"@id\":\"https:\/\/www.tsaai.eu\/et\/#\/schema\/logo\/image\/\",\"url\":\"https:\/\/www.tsaai.eu\/wp-content\/uploads\/2022\/11\/logo_TSAAI-header-big-blue.svg\",\"contentUrl\":\"https:\/\/www.tsaai.eu\/wp-content\/uploads\/2022\/11\/logo_TSAAI-header-big-blue.svg\",\"width\":1356,\"height\":243,\"caption\":\"TSAAI\"},\"image\":{\"@id\":\"https:\/\/www.tsaai.eu\/et\/#\/schema\/logo\/image\/\"}}]}<\/script>\n<!-- \/ Yoast SEO plugin. -->","yoast_head_json":{"title":"IPS - TSAAI","robots":{"index":"index","follow":"follow","max-snippet":"max-snippet:-1","max-image-preview":"max-image-preview:large","max-video-preview":"max-video-preview:-1"},"canonical":"https:\/\/www.tsaai.eu\/et\/ips\/","og_locale":"et_EE","og_type":"article","og_title":"IPS - TSAAI","og_url":"https:\/\/www.tsaai.eu\/et\/ips\/","og_site_name":"TSAAI","article_modified_time":"2023-08-15T11:00:38+00:00","twitter_card":"summary_large_image","twitter_misc":{"Est. reading time":"5 minutit"},"schema":{"@context":"https:\/\/schema.org","@graph":[{"@type":"WebPage","@id":"https:\/\/www.tsaai.eu\/et\/ips\/","url":"https:\/\/www.tsaai.eu\/et\/ips\/","name":"IPS - TSAAI","isPartOf":{"@id":"https:\/\/www.tsaai.eu\/et\/#website"},"primaryImageOfPage":{"@id":"https:\/\/www.tsaai.eu\/et\/ips\/#primaryimage"},"image":{"@id":"https:\/\/www.tsaai.eu\/et\/ips\/#primaryimage"},"thumbnailUrl":"https:\/\/www.tsaai.eu\/wp-content\/uploads\/2022\/11\/mps-logo.svg","datePublished":"2023-02-20T19:13:56+00:00","dateModified":"2023-08-15T11:00:38+00:00","breadcrumb":{"@id":"https:\/\/www.tsaai.eu\/et\/ips\/#breadcrumb"},"inLanguage":"et","potentialAction":[{"@type":"ReadAction","target":["https:\/\/www.tsaai.eu\/et\/ips\/"]}]},{"@type":"ImageObject","inLanguage":"et","@id":"https:\/\/www.tsaai.eu\/et\/ips\/#primaryimage","url":"https:\/\/www.tsaai.eu\/wp-content\/uploads\/2022\/11\/mps-logo.svg","contentUrl":"https:\/\/www.tsaai.eu\/wp-content\/uploads\/2022\/11\/mps-logo.svg","width":300,"height":89,"caption":"Jo\u017eef Stefan International Postgraduate School"},{"@type":"BreadcrumbList","@id":"https:\/\/www.tsaai.eu\/et\/ips\/#breadcrumb","itemListElement":[{"@type":"ListItem","position":1,"name":"Home","item":"https:\/\/www.tsaai.eu\/et\/tsaai\/"},{"@type":"ListItem","position":2,"name":"IPS"}]},{"@type":"WebSite","@id":"https:\/\/www.tsaai.eu\/et\/#website","url":"https:\/\/www.tsaai.eu\/et\/","name":"TSAAI","description":"Transversal Skills in Applied Artificial Intelligence","publisher":{"@id":"https:\/\/www.tsaai.eu\/et\/#organization"},"potentialAction":[{"@type":"SearchAction","target":{"@type":"EntryPoint","urlTemplate":"https:\/\/www.tsaai.eu\/et\/?s={search_term_string}"},"query-input":{"@type":"PropertyValueSpecification","valueRequired":true,"valueName":"search_term_string"}}],"inLanguage":"et"},{"@type":"Organization","@id":"https:\/\/www.tsaai.eu\/et\/#organization","name":"TSAAI","url":"https:\/\/www.tsaai.eu\/et\/","logo":{"@type":"ImageObject","inLanguage":"et","@id":"https:\/\/www.tsaai.eu\/et\/#\/schema\/logo\/image\/","url":"https:\/\/www.tsaai.eu\/wp-content\/uploads\/2022\/11\/logo_TSAAI-header-big-blue.svg","contentUrl":"https:\/\/www.tsaai.eu\/wp-content\/uploads\/2022\/11\/logo_TSAAI-header-big-blue.svg","width":1356,"height":243,"caption":"TSAAI"},"image":{"@id":"https:\/\/www.tsaai.eu\/et\/#\/schema\/logo\/image\/"}}]}},"_links":{"self":[{"href":"https:\/\/www.tsaai.eu\/et\/wp-json\/wp\/v2\/pages\/4065","targetHints":{"allow":["GET"]}}],"collection":[{"href":"https:\/\/www.tsaai.eu\/et\/wp-json\/wp\/v2\/pages"}],"about":[{"href":"https:\/\/www.tsaai.eu\/et\/wp-json\/wp\/v2\/types\/page"}],"author":[{"embeddable":true,"href":"https:\/\/www.tsaai.eu\/et\/wp-json\/wp\/v2\/users\/3"}],"replies":[{"embeddable":true,"href":"https:\/\/www.tsaai.eu\/et\/wp-json\/wp\/v2\/comments?post=4065"}],"version-history":[{"count":2,"href":"https:\/\/www.tsaai.eu\/et\/wp-json\/wp\/v2\/pages\/4065\/revisions"}],"predecessor-version":[{"id":4067,"href":"https:\/\/www.tsaai.eu\/et\/wp-json\/wp\/v2\/pages\/4065\/revisions\/4067"}],"wp:featuredmedia":[{"embeddable":true,"href":"https:\/\/www.tsaai.eu\/et\/wp-json\/wp\/v2\/media\/2756"}],"wp:attachment":[{"href":"https:\/\/www.tsaai.eu\/et\/wp-json\/wp\/v2\/media?parent=4065"}],"curies":[{"name":"wp","href":"https:\/\/api.w.org\/{rel}","templated":true}]}}