{"id":3885,"date":"2023-03-03T19:36:13","date_gmt":"2023-03-03T19:36:13","guid":{"rendered":"https:\/\/www.tsaai.eu\/uporabna-ui-v-financah\/"},"modified":"2023-07-11T21:25:50","modified_gmt":"2023-07-11T21:25:50","slug":"uporabna-ui-v-financah","status":"publish","type":"page","link":"https:\/\/www.tsaai.eu\/sl\/uporabna-ui-v-financah\/","title":{"rendered":"Uporabna UI v financah"},"content":{"rendered":"<p><div class=\"fusion-fullwidth fullwidth-box fusion-builder-row-1 fusion-flex-container has-pattern-background has-mask-background nonhundred-percent-fullwidth non-hundred-percent-height-scrolling\" style=\"--link_hover_color: #fcfcfc;--link_color: #20b258;--awb-border-radius-top-left:0px;--awb-border-radius-top-right:0px;--awb-border-radius-bottom-right:0px;--awb-border-radius-bottom-left:0px;--awb-padding-top:14px;--awb-padding-bottom:28px;--awb-padding-top-medium:94px;--awb-padding-bottom-medium:94px;--awb-padding-top-small:36px;--awb-padding-bottom-small:60px;--awb-margin-bottom:0px;--awb-background-image:linear-gradient(90deg, var(--awb-custom10) 94%,var(--awb-color1) 94%);--awb-flex-wrap:wrap;\" ><div class=\"fusion-builder-row fusion-row fusion-flex-align-items-stretch fusion-flex-content-wrap\" style=\"max-width:1310.4px;margin-left: calc(-4% \/ 2 );margin-right: calc(-4% \/ 2 );\"><div class=\"fusion-layout-column fusion_builder_column fusion-builder-column-0 fusion_builder_column_1_2 1_2 fusion-flex-column\" style=\"--awb-bg-size:cover;--awb-width-large:50%;--awb-margin-top-large:20px;--awb-spacing-right-large:15.36%;--awb-margin-bottom-large:20px;--awb-spacing-left-large:3.84%;--awb-width-medium:50%;--awb-order-medium:0;--awb-spacing-right-medium:3.84%;--awb-spacing-left-medium:3.84%;--awb-width-small:83.333333333333%;--awb-order-small:0;--awb-spacing-right-small:2.304%;--awb-margin-bottom-small:480;--awb-spacing-left-small:2.304%;\"><div class=\"fusion-column-wrapper fusion-column-has-shadow fusion-flex-justify-content-center fusion-content-layout-column\"><div class=\"fusion-title title fusion-title-1 fusion-sep-none fusion-title-center fusion-title-text fusion-title-size-two\" style=\"--awb-text-color:var(--awb-color1);--awb-margin-bottom:48px;\"><h2 class=\"fusion-title-heading title-heading-center fusion-responsive-typography-calculated\" style=\"margin:0;--fontSize:48;line-height:1.2;\">Uporabna UI v financah<\/h2><\/div><div class=\"accordian fusion-accordian\" style=\"--awb-border-size:1px;--awb-icon-size:16px;--awb-content-font-size:var(--awb-typography4-font-size);--awb-icon-alignment:left;--awb-hover-color:var(--awb-color2);--awb-border-color:var(--awb-color3);--awb-background-color:var(--awb-color1);--awb-divider-color:var(--awb-color3);--awb-divider-hover-color:var(--awb-color3);--awb-icon-color:var(--awb-color1);--awb-title-color:var(--awb-custom_color_1);--awb-content-color:var(--awb-color7);--awb-icon-box-color:var(--awb-color8);--awb-toggle-hover-accent-color:var(--awb-color5);--awb-title-font-family:var(--awb-typography1-font-family);--awb-title-font-weight:var(--awb-typography1-font-weight);--awb-title-font-style:var(--awb-typography1-font-style);--awb-title-font-size:24px;--awb-title-letter-spacing:-0.016em;--awb-title-line-height:1.42;--awb-content-font-family:var(--awb-typography4-font-family);--awb-content-font-weight:var(--awb-typography4-font-weight);--awb-content-font-style:var(--awb-typography4-font-style);\"><div class=\"panel-group fusion-toggle-icon-boxed\" id=\"accordion-3885-1\"><div class=\"fusion-panel panel-default panel-22d32d3e1acdd540a fusion-toggle-has-divider\" style=\"--awb-title-color:var(--awb-custom_color_1);\"><div class=\"panel-heading\"><h4 class=\"panel-title toggle\" id=\"toggle_22d32d3e1acdd540a\"><a aria-expanded=\"false\" aria-controls=\"22d32d3e1acdd540a\" role=\"button\" data-toggle=\"collapse\" data-parent=\"#accordion-3885-1\" data-target=\"#22d32d3e1acdd540a\" href=\"#22d32d3e1acdd540a\"><span class=\"fusion-toggle-icon-wrapper\" aria-hidden=\"true\"><i class=\"fa-fusion-box active-icon awb-icon-minus\" aria-hidden=\"true\"><\/i><i class=\"fa-fusion-box inactive-icon awb-icon-plus\" aria-hidden=\"true\"><\/i><\/span><span class=\"fusion-toggle-heading\">Pristopi UI v financah<\/span><\/a><\/h4><\/div><div id=\"22d32d3e1acdd540a\" class=\"panel-collapse collapse \" aria-labelledby=\"toggle_22d32d3e1acdd540a\"><div class=\"panel-body toggle-content fusion-clearfix\">\n<p style=\"padding-left: 40px;\">1.1. Fundamentalna analiza<\/p>\n<p style=\"padding-left: 80px;\">1.1.1. Regresija in analiza lastni\u0161kega kapitala, linearna regresija<\/p>\n<p style=\"padding-left: 80px;\">1.1.2. UI finan\u010dna analitika<\/p>\n<p style=\"padding-left: 40px;\">1.2. Regresija v financah<\/p>\n<p style=\"padding-left: 80px;\">1.2.1. Strojno in globoko u\u010denje kot medliranje v financah<\/p>\n<p style=\"padding-left: 80px;\">1.2.2. Logisti\u010dna regresija in modeliranje ban\u010dnih zlomov <\/p>\n<\/div><\/div><\/div><div class=\"fusion-panel panel-default panel-7d7a9a472d5c712de fusion-toggle-has-divider\" style=\"--awb-title-color:var(--awb-custom_color_1);\"><div class=\"panel-heading\"><h4 class=\"panel-title toggle\" id=\"toggle_7d7a9a472d5c712de\"><a aria-expanded=\"false\" aria-controls=\"7d7a9a472d5c712de\" role=\"button\" data-toggle=\"collapse\" data-parent=\"#accordion-3885-1\" data-target=\"#7d7a9a472d5c712de\" href=\"#7d7a9a472d5c712de\"><span class=\"fusion-toggle-icon-wrapper\" aria-hidden=\"true\"><i class=\"fa-fusion-box active-icon awb-icon-minus\" aria-hidden=\"true\"><\/i><i class=\"fa-fusion-box inactive-icon awb-icon-plus\" aria-hidden=\"true\"><\/i><\/span><span class=\"fusion-toggle-heading\">Napovedi pri ocenjevanju tveganj, odkrivanju goljufij in upravljanju <\/span><\/a><\/h4><\/div><div id=\"7d7a9a472d5c712de\" class=\"panel-collapse collapse \" aria-labelledby=\"toggle_7d7a9a472d5c712de\"><div class=\"panel-body toggle-content fusion-clearfix\">\n<p style=\"padding-left: 40px;\">2.1. Upravljanje s tveganji<\/p>\n<p style=\"padding-left: 80px;\">2.1.1. Vrste tveganj v ban\u010dni\u0161tvu in zavarovalni\u0161tvu<\/p>\n<p style=\"padding-left: 80px;\">2.1.2. Strojno in globoko u\u010denje pri ocenjevanju tveganj<\/p>\n<p style=\"padding-left: 80px;\">2.1.3. Orodja za upravljanje tveganj<\/p>\n<p style=\"padding-left: 80px;\">2.1.4. Orodja za analitiko in velike koli\u010dine podatkov pri upravljanju tveganj<\/p>\n<p style=\"padding-left: 40px;\">2.2. Odkrivanje goljufij<\/p>\n<p style=\"padding-left: 80px;\">2.2.1. Goljufije in prednosti uporabe umetne inteligence za odkrivanje goljufij v ban\u010dni\u0161tvu<\/p>\n<p style=\"padding-left: 80px;\">2.2.2. Nadzor nad ravnanjem in zlorabo trga pri trgovanju<\/p>\n<p style=\"padding-left: 40px;\">2.3. Modeliranje<\/p>\n<p style=\"padding-left: 80px;\">2.3.1. Modeliranje kreditnega tveganja in prihodkov<\/p>\n<p style=\"padding-left: 40px;\">2.4. Etika<\/p>\n<p style=\"padding-left: 80px;\">2.4.1. Etika in upo\u0161tevanje splo\u0161ne uredbe o varstvu podatkov (GDPR)<\/p>\n<\/div><\/div><\/div><div class=\"fusion-panel panel-default panel-4f27cd84322260b1c fusion-toggle-has-divider\" style=\"--awb-title-color:var(--awb-custom_color_1);\"><div class=\"panel-heading\"><h4 class=\"panel-title toggle\" id=\"toggle_4f27cd84322260b1c\"><a aria-expanded=\"false\" aria-controls=\"4f27cd84322260b1c\" role=\"button\" data-toggle=\"collapse\" data-parent=\"#accordion-3885-1\" data-target=\"#4f27cd84322260b1c\" href=\"#4f27cd84322260b1c\"><span class=\"fusion-toggle-icon-wrapper\" aria-hidden=\"true\"><i class=\"fa-fusion-box active-icon awb-icon-minus\" aria-hidden=\"true\"><\/i><i class=\"fa-fusion-box inactive-icon awb-icon-plus\" aria-hidden=\"true\"><\/i><\/span><span class=\"fusion-toggle-heading\">UI pri analizi vedenja strank<\/span><\/a><\/h4><\/div><div id=\"4f27cd84322260b1c\" class=\"panel-collapse collapse \" aria-labelledby=\"toggle_4f27cd84322260b1c\"><div class=\"panel-body toggle-content fusion-clearfix\">\n<p style=\"padding-left: 40px;\">3.1. Obna\u0161anje strank<\/p>\n<p style=\"padding-left: 80px; padding-up: 10px;\">3.1.1. Analiza vedenja strank z umetno inteligenco in napovedna analitika<\/p>\n<p style=\"padding-left: 80px;\">3.1.2. Vpliv umetne inteligence na nakupno vedenje potro\u0161nikov<\/p>\n<p style=\"padding-left: 40px;\">3.2. Interakcija<\/p>\n<p style=\"padding-left: 80px;\">3.2.1. Umetna inteligenca v interakciji s strankami<\/p>\n<p style=\"padding-left: 80px;\">3.2.2. Virtualni pomo\u010dniki z umetno inteligenco v ban\u010dni\u0161tvu<\/p>\n<\/div><\/div><\/div><div class=\"fusion-panel panel-default panel-20c835302b9240577 fusion-toggle-has-divider\" style=\"--awb-title-color:var(--awb-custom_color_1);\"><div class=\"panel-heading\"><h4 class=\"panel-title toggle\" id=\"toggle_20c835302b9240577\"><a aria-expanded=\"false\" aria-controls=\"20c835302b9240577\" role=\"button\" data-toggle=\"collapse\" data-parent=\"#accordion-3885-1\" data-target=\"#20c835302b9240577\" href=\"#20c835302b9240577\"><span class=\"fusion-toggle-icon-wrapper\" aria-hidden=\"true\"><i class=\"fa-fusion-box active-icon awb-icon-minus\" aria-hidden=\"true\"><\/i><i class=\"fa-fusion-box inactive-icon awb-icon-plus\" aria-hidden=\"true\"><\/i><\/span><span class=\"fusion-toggle-heading\">Avtomatizirano odlo\u010danje<\/span><\/a><\/h4><\/div><div id=\"20c835302b9240577\" class=\"panel-collapse collapse \" aria-labelledby=\"toggle_20c835302b9240577\"><div class=\"panel-body toggle-content fusion-clearfix\">\n<p style=\"padding-left: 40px;\">4.1. Analiza, spremljanje in odlo\u010danje<\/p>\n<p style=\"padding-left: 80px;\">4.1.1. Odlo\u010danje o kreditih, odlo\u010danje o zavarovanju<\/p>\n<p style=\"padding-left: 80px;\">4.1.2. Spremljanje in izterjava<\/p>\n<p style=\"padding-left: 80px;\">4.1.3. Poglabljanje odnosov<\/p>\n<\/div><\/div><\/div><div class=\"fusion-panel panel-default panel-babf7a160f511dfbf fusion-toggle-has-divider\" style=\"--awb-title-color:var(--awb-custom_color_1);\"><div class=\"panel-heading\"><h4 class=\"panel-title toggle\" id=\"toggle_babf7a160f511dfbf\"><a aria-expanded=\"false\" aria-controls=\"babf7a160f511dfbf\" role=\"button\" data-toggle=\"collapse\" data-parent=\"#accordion-3885-1\" data-target=\"#babf7a160f511dfbf\" href=\"#babf7a160f511dfbf\"><span class=\"fusion-toggle-icon-wrapper\" aria-hidden=\"true\"><i class=\"fa-fusion-box active-icon awb-icon-minus\" aria-hidden=\"true\"><\/i><i class=\"fa-fusion-box inactive-icon awb-icon-plus\" aria-hidden=\"true\"><\/i><\/span><span class=\"fusion-toggle-heading\">Splo\u0161ne tr\u017ene napovedi in korelacije<\/span><\/a><\/h4><\/div><div id=\"babf7a160f511dfbf\" class=\"panel-collapse collapse \" aria-labelledby=\"toggle_babf7a160f511dfbf\"><div class=\"panel-body toggle-content fusion-clearfix\">\n<p style=\"padding-left: 40px;\">5.1. Analiza in napovedi<\/p>\n<p style=\"padding-left: 80px;\">5.1.1. Strojno u\u010denje in pristopi za napovedovanje z globokim u\u010denjem*<\/p>\n<p style=\"padding-left: 80px;\">5.1.2. Analiza finan\u010dnih \u010dasovnih vrst v realnem \u010dasu<\/p>\n<p style=\"padding-left: 40px;\">5.2. Pridobivanje skritih informacij<\/p>\n<p style=\"padding-left: 80px;\">5.2.1. Ekstrakcija zna\u010dilnosti v potencialnih tr\u017enih prilo\u017enostih<\/p>\n<\/div><\/div><\/div><div class=\"fusion-panel panel-default panel-5b93bbd38d3056ecc fusion-toggle-has-divider\" style=\"--awb-title-color:var(--awb-custom_color_1);\"><div class=\"panel-heading\"><h4 class=\"panel-title toggle\" id=\"toggle_5b93bbd38d3056ecc\"><a aria-expanded=\"false\" aria-controls=\"5b93bbd38d3056ecc\" role=\"button\" data-toggle=\"collapse\" data-parent=\"#accordion-3885-1\" data-target=\"#5b93bbd38d3056ecc\" href=\"#5b93bbd38d3056ecc\"><span class=\"fusion-toggle-icon-wrapper\" aria-hidden=\"true\"><i class=\"fa-fusion-box active-icon awb-icon-minus\" aria-hidden=\"true\"><\/i><i class=\"fa-fusion-box inactive-icon awb-icon-plus\" aria-hidden=\"true\"><\/i><\/span><span class=\"fusion-toggle-heading\">Avtomatizacija procesov in poteka dela<\/span><\/a><\/h4><\/div><div id=\"5b93bbd38d3056ecc\" class=\"panel-collapse collapse \" aria-labelledby=\"toggle_5b93bbd38d3056ecc\"><div class=\"panel-body toggle-content fusion-clearfix\">\n<p style=\"padding-left: 40px;\">6.1. Avtomatizacija delovanja<\/p>\n<p style=\"padding-left: 80px;\">6.1.1. Avtomatizacija trgovinskega financiranja<\/p>\n<p style=\"padding-left: 80px;\">6.1.2. Avtomatizacija ban\u010dne regulacije in skladnosti<\/p>\n<p style=\"padding-left: 80px;\">6.1.3. Avtomatizacija na podro\u010dju prepre\u010devanja pranja denarja in preverjanja sankcij<\/p>\n<p style=\"padding-left: 40px;\">6.2. Avtomatizacija delovnih tokov<\/p>\n<p style=\"padding-left: 80px;\">6.2.1. Avtomatizacija operacij upravljanja z gotovino<\/p>\n<p style=\"padding-left: 80px;\">6.2.2. Avtomatizacija pretoka dokumentov in notranjih procesov<\/p>\n<\/div><\/div><\/div><\/div><\/div><div class=\"fusion-text fusion-text-1\" style=\"--awb-text-color:var(--awb-color1);\"><\/div><\/div><\/div><div class=\"fusion-layout-column fusion_builder_column fusion-builder-column-1 fusion_builder_column_1_2 1_2 fusion-flex-column fusion-flex-align-self-flex-start\" style=\"--awb-bg-position:center top;--awb-bg-size:cover;--awb-width-large:50%;--awb-margin-top-large:10px;--awb-spacing-right-large:3.84%;--awb-margin-bottom-large:10px;--awb-spacing-left-large:3.84%;--awb-width-medium:50%;--awb-order-medium:0;--awb-spacing-right-medium:3.84%;--awb-spacing-left-medium:3.84%;--awb-width-small:100%;--awb-order-small:0;--awb-spacing-right-small:1.92%;--awb-spacing-left-small:1.92%;\"><div class=\"fusion-column-wrapper fusion-column-has-shadow fusion-flex-justify-content-center fusion-content-layout-column\"><div class=\"fusion-image-element \" style=\"--awb-caption-title-font-family:var(--h2_typography-font-family);--awb-caption-title-font-weight:var(--h2_typography-font-weight);--awb-caption-title-font-style:var(--h2_typography-font-style);--awb-caption-title-size:var(--h2_typography-font-size);--awb-caption-title-transform:var(--h2_typography-text-transform);--awb-caption-title-line-height:var(--h2_typography-line-height);--awb-caption-title-letter-spacing:var(--h2_typography-letter-spacing);\"><span class=\" fusion-imageframe imageframe-none imageframe-1 hover-type-none\" style=\"border-radius:12px;\"><img decoding=\"async\" width=\"800\" height=\"566\" title=\"entrepreneur-1340649_1280\" src=\"https:\/\/www.tsaai.eu\/wp-content\/uploads\/2023\/03\/entrepreneur-1340649_1280.jpg\" data-orig-src=\"https:\/\/www.tsaai.eu\/wp-content\/uploads\/2023\/03\/entrepreneur-1340649_1280-800x566.jpg\" alt class=\"lazyload img-responsive wp-image-3271\" srcset=\"data:image\/svg+xml,%3Csvg%20xmlns%3D%27http%3A%2F%2Fwww.w3.org%2F2000%2Fsvg%27%20width%3D%271280%27%20height%3D%27905%27%20viewBox%3D%270%200%201280%20905%27%3E%3Crect%20width%3D%271280%27%20height%3D%27905%27%20fill-opacity%3D%220%22%2F%3E%3C%2Fsvg%3E\" data-srcset=\"https:\/\/www.tsaai.eu\/wp-content\/uploads\/2023\/03\/entrepreneur-1340649_1280-200x141.jpg 200w, https:\/\/www.tsaai.eu\/wp-content\/uploads\/2023\/03\/entrepreneur-1340649_1280-400x283.jpg 400w, https:\/\/www.tsaai.eu\/wp-content\/uploads\/2023\/03\/entrepreneur-1340649_1280-600x424.jpg 600w, https:\/\/www.tsaai.eu\/wp-content\/uploads\/2023\/03\/entrepreneur-1340649_1280-800x566.jpg 800w, https:\/\/www.tsaai.eu\/wp-content\/uploads\/2023\/03\/entrepreneur-1340649_1280-1200x848.jpg 1200w, https:\/\/www.tsaai.eu\/wp-content\/uploads\/2023\/03\/entrepreneur-1340649_1280.jpg 1280w\" data-sizes=\"auto\" data-orig-sizes=\"(max-width: 640px) 100vw, 600px\" \/><\/span><\/div><\/div><\/div><\/div><\/div><div class=\"fusion-fullwidth fullwidth-box fusion-builder-row-2 fusion-flex-container has-pattern-background has-mask-background nonhundred-percent-fullwidth non-hundred-percent-height-scrolling\" style=\"--awb-border-radius-top-left:0px;--awb-border-radius-top-right:0px;--awb-border-radius-bottom-right:0px;--awb-border-radius-bottom-left:0px;--awb-padding-top:0px;--awb-padding-left:20px;--awb-flex-wrap:wrap;\" ><div class=\"fusion-builder-row fusion-row fusion-flex-align-items-flex-start fusion-flex-content-wrap\" style=\"max-width:1310.4px;margin-left: calc(-4% \/ 2 );margin-right: calc(-4% \/ 2 );\"><div class=\"fusion-layout-column fusion_builder_column fusion-builder-column-2 fusion_builder_column_1_2 1_2 fusion-flex-column\" style=\"--awb-bg-size:cover;--awb-width-large:50%;--awb-margin-top-large:20px;--awb-spacing-right-large:3.84%;--awb-margin-bottom-large:20px;--awb-spacing-left-large:3.84%;--awb-width-medium:50%;--awb-order-medium:0;--awb-spacing-right-medium:3.84%;--awb-spacing-left-medium:3.84%;--awb-width-small:100%;--awb-order-small:0;--awb-spacing-right-small:1.92%;--awb-spacing-left-small:1.92%;\"><div class=\"fusion-column-wrapper fusion-column-has-shadow fusion-flex-justify-content-center fusion-content-layout-column\"><div class=\"fusion-builder-row fusion-builder-row-inner fusion-row fusion-flex-align-items-flex-start fusion-flex-content-wrap\" style=\"width:104% !important;max-width:104% !important;margin-left: calc(-4% \/ 2 );margin-right: calc(-4% \/ 2 );\"><div class=\"fusion-layout-column fusion_builder_column_inner fusion-builder-nested-column-0 fusion_builder_column_inner_1_6 1_6 fusion-flex-column\" style=\"--awb-bg-size:cover;--awb-width-large:16.666666666667%;--awb-margin-top-large:20px;--awb-spacing-right-large:11.52%;--awb-margin-bottom-large:20px;--awb-spacing-left-large:11.52%;--awb-width-medium:16.666666666667%;--awb-order-medium:0;--awb-spacing-right-medium:11.52%;--awb-spacing-left-medium:11.52%;--awb-width-small:100%;--awb-order-small:0;--awb-spacing-right-small:1.92%;--awb-spacing-left-small:1.92%;\"><div class=\"fusion-column-wrapper fusion-column-has-shadow fusion-flex-justify-content-center fusion-content-layout-row fusion-flex-align-items-center\"><a class=\"fb-icon-element-1 fb-icon-element fontawesome-icon fa-arrow-alt-circle-left fas circle-no fusion-text-flow fusion-link icon-hover-animation-slide\" style=\"--awb-iconcolor:var(--awb-color8);--awb-font-size:51px;--awb-margin-right:25.5px;\" href=\"https:\/\/www.tsaai.eu\/applied-ai-in-industry\/\" aria-label=\"Link to https:\/\/www.tsaai.eu\/applied-ai-in-industry\/\" target=\"_self\"><\/a><\/div><\/div><div class=\"fusion-layout-column fusion_builder_column_inner fusion-builder-nested-column-1 fusion_builder_column_inner_3_5 3_5 fusion-flex-column\" style=\"--awb-bg-size:cover;--awb-width-large:60%;--awb-margin-top-large:0px;--awb-spacing-right-large:3.2%;--awb-margin-bottom-large:20px;--awb-spacing-left-large:3.2%;--awb-width-medium:60%;--awb-order-medium:0;--awb-spacing-right-medium:3.2%;--awb-spacing-left-medium:3.2%;--awb-width-small:100%;--awb-order-small:0;--awb-spacing-right-small:1.92%;--awb-spacing-left-small:1.92%;\"><div class=\"fusion-column-wrapper fusion-column-has-shadow fusion-flex-justify-content-flex-start fusion-content-layout-column\"><div class=\"fusion-text fusion-text-2\" style=\"--awb-text-color:var(--awb-color5);\"><h4><a href=\"https:\/\/www.tsaai.eu\/applied-ai-in-industry\/\">Uporabna umetna inteligenca v industriji in internetu stvari<\/a><\/h4>\n<\/div><\/div><\/div><\/div><\/div><\/div><div class=\"fusion-layout-column fusion_builder_column fusion-builder-column-3 fusion_builder_column_1_2 1_2 fusion-flex-column\" style=\"--awb-bg-size:cover;--awb-width-large:50%;--awb-margin-top-large:20px;--awb-spacing-right-large:3.84%;--awb-margin-bottom-large:20px;--awb-spacing-left-large:3.84%;--awb-width-medium:50%;--awb-order-medium:0;--awb-spacing-right-medium:3.84%;--awb-spacing-left-medium:3.84%;--awb-width-small:100%;--awb-order-small:0;--awb-spacing-right-small:1.92%;--awb-spacing-left-small:1.92%;\"><div class=\"fusion-column-wrapper fusion-column-has-shadow fusion-flex-justify-content-center fusion-content-layout-column\"><\/div><\/div><div class=\"fusion-layout-column fusion_builder_column fusion-builder-column-4 fusion_builder_column_1_2 1_2 fusion-flex-column\" style=\"--awb-bg-size:cover;--awb-width-large:50%;--awb-margin-top-large:20px;--awb-spacing-right-large:3.84%;--awb-margin-bottom-large:20px;--awb-spacing-left-large:3.84%;--awb-width-medium:50%;--awb-order-medium:0;--awb-spacing-right-medium:3.84%;--awb-spacing-left-medium:3.84%;--awb-width-small:100%;--awb-order-small:0;--awb-spacing-right-small:1.92%;--awb-spacing-left-small:1.92%;\"><div class=\"fusion-column-wrapper fusion-column-has-shadow fusion-flex-justify-content-flex-start fusion-content-layout-column\"><\/div><\/div><\/div><\/div><\/p>\n","protected":false},"excerpt":{"rendered":"","protected":false},"author":3,"featured_media":0,"parent":0,"menu_order":0,"comment_status":"closed","ping_status":"closed","template":"100-width.php","meta":{"inline_featured_image":false,"footnotes":""},"class_list":["post-3885","page","type-page","status-publish","hentry"],"yoast_head":"<!-- This site is optimized with the Yoast SEO plugin v23.6 - https:\/\/yoast.com\/wordpress\/plugins\/seo\/ -->\n<title>Uporabna UI v financah - TSAAI<\/title>\n<meta name=\"robots\" content=\"index, follow, max-snippet:-1, max-image-preview:large, max-video-preview:-1\" \/>\n<link rel=\"canonical\" href=\"https:\/\/www.tsaai.eu\/sl\/uporabna-ui-v-financah\/\" \/>\n<meta property=\"og:locale\" content=\"sl_SI\" \/>\n<meta property=\"og:type\" content=\"article\" \/>\n<meta property=\"og:title\" content=\"Uporabna UI v financah - TSAAI\" \/>\n<meta property=\"og:url\" content=\"https:\/\/www.tsaai.eu\/sl\/uporabna-ui-v-financah\/\" \/>\n<meta property=\"og:site_name\" content=\"TSAAI\" \/>\n<meta property=\"article:modified_time\" content=\"2023-07-11T21:25:50+00:00\" \/>\n<meta name=\"twitter:card\" content=\"summary_large_image\" \/>\n<meta name=\"twitter:label1\" content=\"Est. reading time\" \/>\n\t<meta name=\"twitter:data1\" content=\"13 minut\" \/>\n<script type=\"application\/ld+json\" class=\"yoast-schema-graph\">{\"@context\":\"https:\/\/schema.org\",\"@graph\":[{\"@type\":\"WebPage\",\"@id\":\"https:\/\/www.tsaai.eu\/sl\/uporabna-ui-v-financah\/\",\"url\":\"https:\/\/www.tsaai.eu\/sl\/uporabna-ui-v-financah\/\",\"name\":\"Uporabna UI v financah - TSAAI\",\"isPartOf\":{\"@id\":\"https:\/\/www.tsaai.eu\/sl\/#website\"},\"datePublished\":\"2023-03-03T19:36:13+00:00\",\"dateModified\":\"2023-07-11T21:25:50+00:00\",\"breadcrumb\":{\"@id\":\"https:\/\/www.tsaai.eu\/sl\/uporabna-ui-v-financah\/#breadcrumb\"},\"inLanguage\":\"sl-SI\",\"potentialAction\":[{\"@type\":\"ReadAction\",\"target\":[\"https:\/\/www.tsaai.eu\/sl\/uporabna-ui-v-financah\/\"]}]},{\"@type\":\"BreadcrumbList\",\"@id\":\"https:\/\/www.tsaai.eu\/sl\/uporabna-ui-v-financah\/#breadcrumb\",\"itemListElement\":[{\"@type\":\"ListItem\",\"position\":1,\"name\":\"Home\",\"item\":\"https:\/\/www.tsaai.eu\/sl\/tsaai\/\"},{\"@type\":\"ListItem\",\"position\":2,\"name\":\"Uporabna UI v financah\"}]},{\"@type\":\"WebSite\",\"@id\":\"https:\/\/www.tsaai.eu\/sl\/#website\",\"url\":\"https:\/\/www.tsaai.eu\/sl\/\",\"name\":\"TSAAI\",\"description\":\"Transversal Skills in Applied Artificial Intelligence\",\"publisher\":{\"@id\":\"https:\/\/www.tsaai.eu\/sl\/#organization\"},\"potentialAction\":[{\"@type\":\"SearchAction\",\"target\":{\"@type\":\"EntryPoint\",\"urlTemplate\":\"https:\/\/www.tsaai.eu\/sl\/?s={search_term_string}\"},\"query-input\":{\"@type\":\"PropertyValueSpecification\",\"valueRequired\":true,\"valueName\":\"search_term_string\"}}],\"inLanguage\":\"sl-SI\"},{\"@type\":\"Organization\",\"@id\":\"https:\/\/www.tsaai.eu\/sl\/#organization\",\"name\":\"TSAAI\",\"url\":\"https:\/\/www.tsaai.eu\/sl\/\",\"logo\":{\"@type\":\"ImageObject\",\"inLanguage\":\"sl-SI\",\"@id\":\"https:\/\/www.tsaai.eu\/sl\/#\/schema\/logo\/image\/\",\"url\":\"https:\/\/www.tsaai.eu\/wp-content\/uploads\/2022\/11\/logo_TSAAI-header-big-blue.svg\",\"contentUrl\":\"https:\/\/www.tsaai.eu\/wp-content\/uploads\/2022\/11\/logo_TSAAI-header-big-blue.svg\",\"width\":1356,\"height\":243,\"caption\":\"TSAAI\"},\"image\":{\"@id\":\"https:\/\/www.tsaai.eu\/sl\/#\/schema\/logo\/image\/\"}}]}<\/script>\n<!-- \/ Yoast SEO plugin. -->","yoast_head_json":{"title":"Uporabna UI v financah - TSAAI","robots":{"index":"index","follow":"follow","max-snippet":"max-snippet:-1","max-image-preview":"max-image-preview:large","max-video-preview":"max-video-preview:-1"},"canonical":"https:\/\/www.tsaai.eu\/sl\/uporabna-ui-v-financah\/","og_locale":"sl_SI","og_type":"article","og_title":"Uporabna UI v financah - TSAAI","og_url":"https:\/\/www.tsaai.eu\/sl\/uporabna-ui-v-financah\/","og_site_name":"TSAAI","article_modified_time":"2023-07-11T21:25:50+00:00","twitter_card":"summary_large_image","twitter_misc":{"Est. reading time":"13 minut"},"schema":{"@context":"https:\/\/schema.org","@graph":[{"@type":"WebPage","@id":"https:\/\/www.tsaai.eu\/sl\/uporabna-ui-v-financah\/","url":"https:\/\/www.tsaai.eu\/sl\/uporabna-ui-v-financah\/","name":"Uporabna UI v financah - TSAAI","isPartOf":{"@id":"https:\/\/www.tsaai.eu\/sl\/#website"},"datePublished":"2023-03-03T19:36:13+00:00","dateModified":"2023-07-11T21:25:50+00:00","breadcrumb":{"@id":"https:\/\/www.tsaai.eu\/sl\/uporabna-ui-v-financah\/#breadcrumb"},"inLanguage":"sl-SI","potentialAction":[{"@type":"ReadAction","target":["https:\/\/www.tsaai.eu\/sl\/uporabna-ui-v-financah\/"]}]},{"@type":"BreadcrumbList","@id":"https:\/\/www.tsaai.eu\/sl\/uporabna-ui-v-financah\/#breadcrumb","itemListElement":[{"@type":"ListItem","position":1,"name":"Home","item":"https:\/\/www.tsaai.eu\/sl\/tsaai\/"},{"@type":"ListItem","position":2,"name":"Uporabna UI v financah"}]},{"@type":"WebSite","@id":"https:\/\/www.tsaai.eu\/sl\/#website","url":"https:\/\/www.tsaai.eu\/sl\/","name":"TSAAI","description":"Transversal Skills in Applied Artificial Intelligence","publisher":{"@id":"https:\/\/www.tsaai.eu\/sl\/#organization"},"potentialAction":[{"@type":"SearchAction","target":{"@type":"EntryPoint","urlTemplate":"https:\/\/www.tsaai.eu\/sl\/?s={search_term_string}"},"query-input":{"@type":"PropertyValueSpecification","valueRequired":true,"valueName":"search_term_string"}}],"inLanguage":"sl-SI"},{"@type":"Organization","@id":"https:\/\/www.tsaai.eu\/sl\/#organization","name":"TSAAI","url":"https:\/\/www.tsaai.eu\/sl\/","logo":{"@type":"ImageObject","inLanguage":"sl-SI","@id":"https:\/\/www.tsaai.eu\/sl\/#\/schema\/logo\/image\/","url":"https:\/\/www.tsaai.eu\/wp-content\/uploads\/2022\/11\/logo_TSAAI-header-big-blue.svg","contentUrl":"https:\/\/www.tsaai.eu\/wp-content\/uploads\/2022\/11\/logo_TSAAI-header-big-blue.svg","width":1356,"height":243,"caption":"TSAAI"},"image":{"@id":"https:\/\/www.tsaai.eu\/sl\/#\/schema\/logo\/image\/"}}]}},"_links":{"self":[{"href":"https:\/\/www.tsaai.eu\/sl\/wp-json\/wp\/v2\/pages\/3885","targetHints":{"allow":["GET"]}}],"collection":[{"href":"https:\/\/www.tsaai.eu\/sl\/wp-json\/wp\/v2\/pages"}],"about":[{"href":"https:\/\/www.tsaai.eu\/sl\/wp-json\/wp\/v2\/types\/page"}],"author":[{"embeddable":true,"href":"https:\/\/www.tsaai.eu\/sl\/wp-json\/wp\/v2\/users\/3"}],"replies":[{"embeddable":true,"href":"https:\/\/www.tsaai.eu\/sl\/wp-json\/wp\/v2\/comments?post=3885"}],"version-history":[{"count":2,"href":"https:\/\/www.tsaai.eu\/sl\/wp-json\/wp\/v2\/pages\/3885\/revisions"}],"predecessor-version":[{"id":3887,"href":"https:\/\/www.tsaai.eu\/sl\/wp-json\/wp\/v2\/pages\/3885\/revisions\/3887"}],"wp:attachment":[{"href":"https:\/\/www.tsaai.eu\/sl\/wp-json\/wp\/v2\/media?parent=3885"}],"curies":[{"name":"wp","href":"https:\/\/api.w.org\/{rel}","templated":true}]}}