{"id":3891,"date":"2023-02-28T18:20:42","date_gmt":"2023-02-28T18:20:42","guid":{"rendered":"https:\/\/www.tsaai.eu\/uporabna-umetna-inteligenca-v-humanistiki\/"},"modified":"2023-07-11T21:33:52","modified_gmt":"2023-07-11T21:33:52","slug":"uporabna-umetna-inteligenca-v-humanistiki","status":"publish","type":"page","link":"https:\/\/www.tsaai.eu\/sl\/uporabna-umetna-inteligenca-v-humanistiki\/","title":{"rendered":"Uporabna umetna inteligenca v humanistiki"},"content":{"rendered":"<p><div class=\"fusion-fullwidth fullwidth-box fusion-builder-row-1 fusion-flex-container has-pattern-background has-mask-background nonhundred-percent-fullwidth non-hundred-percent-height-scrolling\" style=\"--link_hover_color: #fcfcfc;--link_color: #20b258;--awb-border-radius-top-left:0px;--awb-border-radius-top-right:0px;--awb-border-radius-bottom-right:0px;--awb-border-radius-bottom-left:0px;--awb-padding-top:14px;--awb-padding-bottom:28px;--awb-padding-top-medium:94px;--awb-padding-bottom-medium:94px;--awb-padding-top-small:36px;--awb-padding-bottom-small:60px;--awb-margin-bottom:0px;--awb-background-image:linear-gradient(90deg, var(--awb-custom10) 94%,var(--awb-color1) 94%);--awb-flex-wrap:wrap;\" ><div class=\"fusion-builder-row fusion-row fusion-flex-align-items-stretch fusion-flex-content-wrap\" style=\"max-width:1310.4px;margin-left: calc(-4% \/ 2 );margin-right: calc(-4% \/ 2 );\"><div class=\"fusion-layout-column fusion_builder_column fusion-builder-column-0 fusion_builder_column_1_2 1_2 fusion-flex-column\" style=\"--awb-bg-size:cover;--awb-width-large:50%;--awb-margin-top-large:20px;--awb-spacing-right-large:15.36%;--awb-margin-bottom-large:20px;--awb-spacing-left-large:3.84%;--awb-width-medium:50%;--awb-order-medium:0;--awb-spacing-right-medium:3.84%;--awb-spacing-left-medium:3.84%;--awb-width-small:83.333333333333%;--awb-order-small:0;--awb-spacing-right-small:2.304%;--awb-margin-bottom-small:480;--awb-spacing-left-small:2.304%;\"><div class=\"fusion-column-wrapper fusion-column-has-shadow fusion-flex-justify-content-center fusion-content-layout-column\"><div class=\"fusion-title title fusion-title-1 fusion-sep-none fusion-title-center fusion-title-text fusion-title-size-two\" style=\"--awb-text-color:var(--awb-color1);--awb-margin-bottom:48px;\"><h2 class=\"fusion-title-heading title-heading-center fusion-responsive-typography-calculated\" style=\"margin:0;--fontSize:48;line-height:1.2;\">Uporabna umetna inteligenca v humanistiki<\/h2><\/div><div class=\"accordian fusion-accordian\" style=\"--awb-border-size:1px;--awb-icon-size:16px;--awb-content-font-size:var(--awb-typography4-font-size);--awb-icon-alignment:left;--awb-hover-color:var(--awb-color2);--awb-border-color:var(--awb-color3);--awb-background-color:var(--awb-color1);--awb-divider-color:var(--awb-color3);--awb-divider-hover-color:var(--awb-color3);--awb-icon-color:var(--awb-color1);--awb-title-color:var(--awb-custom_color_1);--awb-content-color:var(--awb-color7);--awb-icon-box-color:var(--awb-color8);--awb-toggle-hover-accent-color:var(--awb-color5);--awb-title-font-family:var(--awb-typography1-font-family);--awb-title-font-weight:var(--awb-typography1-font-weight);--awb-title-font-style:var(--awb-typography1-font-style);--awb-title-font-size:24px;--awb-title-letter-spacing:-0.016em;--awb-title-line-height:1.42;--awb-content-font-family:var(--awb-typography4-font-family);--awb-content-font-weight:var(--awb-typography4-font-weight);--awb-content-font-style:var(--awb-typography4-font-style);\"><div class=\"panel-group fusion-toggle-icon-boxed\" id=\"accordion-3891-1\"><div class=\"fusion-panel panel-default panel-755ae08aafd3dfe79 fusion-toggle-has-divider\" style=\"--awb-title-color:var(--awb-custom_color_1);\"><div class=\"panel-heading\"><h4 class=\"panel-title toggle\" id=\"toggle_755ae08aafd3dfe79\"><a aria-expanded=\"false\" aria-controls=\"755ae08aafd3dfe79\" role=\"button\" data-toggle=\"collapse\" data-parent=\"#accordion-3891-1\" data-target=\"#755ae08aafd3dfe79\" href=\"#755ae08aafd3dfe79\"><span class=\"fusion-toggle-icon-wrapper\" aria-hidden=\"true\"><i class=\"fa-fusion-box active-icon awb-icon-minus\" aria-hidden=\"true\"><\/i><i class=\"fa-fusion-box inactive-icon awb-icon-plus\" aria-hidden=\"true\"><\/i><\/span><span class=\"fusion-toggle-heading\">Izobra\u017eevanje<\/span><\/a><\/h4><\/div><div id=\"755ae08aafd3dfe79\" class=\"panel-collapse collapse \" aria-labelledby=\"toggle_755ae08aafd3dfe79\"><div class=\"panel-body toggle-content fusion-clearfix\">\n<ol>\n<li>Prilagojena u\u010dna izku\u0161nja.\n<ol>\n<li>Prilagodljivo u\u010denje.<\/li>\n<li>Individualizirano u\u010denje.<\/li>\n<li>Diferencirano u\u010denje.<\/li>\n<li>U\u010denje, ki temelji na kompetencah.<\/li>\n<\/ol>\n<\/li>\n<li>Izobra\u017eevalna administracija.\n<ol>\n<li>Sprejemanje odlo\u010ditev.<\/li>\n<li>Izkori\u0161\u010danje virov.<\/li>\n<li>Eti\u010dni vidiki.<\/li>\n<\/ol>\n<\/li>\n<li>Sodelovalno pou\u010devanje.\n<ol>\n<li>Skupinsko pou\u010devanje.<\/li>\n<li>Medijsko u\u010denje.<\/li>\n<\/ol>\n<\/li>\n<\/ol>\n<\/div><\/div><\/div><div class=\"fusion-panel panel-default panel-1de370b76001e8bd0 fusion-toggle-has-divider\" style=\"--awb-title-color:var(--awb-custom_color_1);\"><div class=\"panel-heading\"><h4 class=\"panel-title toggle\" id=\"toggle_1de370b76001e8bd0\"><a aria-expanded=\"false\" aria-controls=\"1de370b76001e8bd0\" role=\"button\" data-toggle=\"collapse\" data-parent=\"#accordion-3891-1\" data-target=\"#1de370b76001e8bd0\" href=\"#1de370b76001e8bd0\"><span class=\"fusion-toggle-icon-wrapper\" aria-hidden=\"true\"><i class=\"fa-fusion-box active-icon awb-icon-minus\" aria-hidden=\"true\"><\/i><i class=\"fa-fusion-box inactive-icon awb-icon-plus\" aria-hidden=\"true\"><\/i><\/span><span class=\"fusion-toggle-heading\">Kultura in jeziki<\/span><\/a><\/h4><\/div><div id=\"1de370b76001e8bd0\" class=\"panel-collapse collapse \" aria-labelledby=\"toggle_1de370b76001e8bd0\"><div class=\"panel-body toggle-content fusion-clearfix\">\n<ol>\n<li>Kultura.\n<ol>\n<li>Ohranjanje na\u0161e kulturne dedi\u0161\u010dine.<\/li>\n<li>Avtomatizirano novinarstvo.<\/li>\n<li>Krepitev organizacijskih kultur.<\/li>\n<\/ol>\n<\/li>\n<li>Umetnost.\n<ol>\n<li>Virtualni obiski.<\/li>\n<li>Odprti dostop.<\/li>\n<li>Robotski pisatelji.<\/li>\n<li>Slikanje z umetno inteligenco.<\/li>\n<li>Komponiranje.<\/li>\n<li>Filmi.<\/li>\n<\/ol>\n<\/li>\n<li>Jeziki.\n<ol>\n<li>U\u010denje jezikov.<\/li>\n<li>Prevajanje.<\/li>\n<li>Ohranjanje jezika.<\/li>\n<\/ol>\n<\/li>\n<\/ol>\n<\/div><\/div><\/div><div class=\"fusion-panel panel-default panel-d22c663f2a9c6d000 fusion-toggle-has-divider\" style=\"--awb-title-color:var(--awb-custom_color_1);\"><div class=\"panel-heading\"><h4 class=\"panel-title toggle\" id=\"toggle_d22c663f2a9c6d000\"><a aria-expanded=\"false\" aria-controls=\"d22c663f2a9c6d000\" role=\"button\" data-toggle=\"collapse\" data-parent=\"#accordion-3891-1\" data-target=\"#d22c663f2a9c6d000\" href=\"#d22c663f2a9c6d000\"><span class=\"fusion-toggle-icon-wrapper\" aria-hidden=\"true\"><i class=\"fa-fusion-box active-icon awb-icon-minus\" aria-hidden=\"true\"><\/i><i class=\"fa-fusion-box inactive-icon awb-icon-plus\" aria-hidden=\"true\"><\/i><\/span><span class=\"fusion-toggle-heading\">Druge prilo\u017enosti<\/span><\/a><\/h4><\/div><div id=\"d22c663f2a9c6d000\" class=\"panel-collapse collapse \" aria-labelledby=\"toggle_d22c663f2a9c6d000\"><div class=\"panel-body toggle-content fusion-clearfix\">\n<ol>\n<li>Vodenje, ki ga poganja umetna inteligenca.\n<ol>\n<li>Organizacijsko vodenje.<\/li>\n<li>Sodelovalne organizacije.<\/li>\n<\/ol>\n<\/li>\n<li>Zasebnost podatkov.\n<ol>\n<li>GDPR.<\/li>\n<\/ol>\n<\/li>\n<\/ol>\n<\/div><\/div><\/div><\/div><\/div><div class=\"fusion-text fusion-text-1\" style=\"--awb-text-color:var(--awb-color1);\"><\/div><\/div><\/div><div class=\"fusion-layout-column fusion_builder_column fusion-builder-column-1 fusion_builder_column_1_2 1_2 fusion-flex-column fusion-flex-align-self-flex-start\" style=\"--awb-bg-position:center top;--awb-bg-size:cover;--awb-width-large:50%;--awb-margin-top-large:10px;--awb-spacing-right-large:3.84%;--awb-margin-bottom-large:10px;--awb-spacing-left-large:3.84%;--awb-width-medium:50%;--awb-order-medium:0;--awb-spacing-right-medium:3.84%;--awb-spacing-left-medium:3.84%;--awb-width-small:100%;--awb-order-small:0;--awb-spacing-right-small:1.92%;--awb-spacing-left-small:1.92%;\"><div class=\"fusion-column-wrapper fusion-column-has-shadow fusion-flex-justify-content-center fusion-content-layout-column\"><div class=\"fusion-image-element \" style=\"--awb-caption-title-font-family:var(--h2_typography-font-family);--awb-caption-title-font-weight:var(--h2_typography-font-weight);--awb-caption-title-font-style:var(--h2_typography-font-style);--awb-caption-title-size:var(--h2_typography-font-size);--awb-caption-title-transform:var(--h2_typography-text-transform);--awb-caption-title-line-height:var(--h2_typography-line-height);--awb-caption-title-letter-spacing:var(--h2_typography-letter-spacing);\"><span class=\" fusion-imageframe imageframe-none imageframe-1 hover-type-none\" style=\"border-radius:12px;\"><img decoding=\"async\" width=\"600\" height=\"297\" title=\"b915fc5d7667d29dd9a3eedae59a-1638452\" src=\"https:\/\/www.tsaai.eu\/wp-content\/uploads\/2023\/02\/b915fc5d7667d29dd9a3eedae59a-1638452.jpg\" data-orig-src=\"https:\/\/www.tsaai.eu\/wp-content\/uploads\/2023\/02\/b915fc5d7667d29dd9a3eedae59a-1638452-600x297.jpg\" alt class=\"lazyload img-responsive wp-image-3150\" srcset=\"data:image\/svg+xml,%3Csvg%20xmlns%3D%27http%3A%2F%2Fwww.w3.org%2F2000%2Fsvg%27%20width%3D%271200%27%20height%3D%27594%27%20viewBox%3D%270%200%201200%20594%27%3E%3Crect%20width%3D%271200%27%20height%3D%27594%27%20fill-opacity%3D%220%22%2F%3E%3C%2Fsvg%3E\" data-srcset=\"https:\/\/www.tsaai.eu\/wp-content\/uploads\/2023\/02\/b915fc5d7667d29dd9a3eedae59a-1638452-200x99.jpg 200w, https:\/\/www.tsaai.eu\/wp-content\/uploads\/2023\/02\/b915fc5d7667d29dd9a3eedae59a-1638452-400x198.jpg 400w, https:\/\/www.tsaai.eu\/wp-content\/uploads\/2023\/02\/b915fc5d7667d29dd9a3eedae59a-1638452-600x297.jpg 600w, https:\/\/www.tsaai.eu\/wp-content\/uploads\/2023\/02\/b915fc5d7667d29dd9a3eedae59a-1638452-800x396.jpg 800w, https:\/\/www.tsaai.eu\/wp-content\/uploads\/2023\/02\/b915fc5d7667d29dd9a3eedae59a-1638452.jpg 1200w\" data-sizes=\"auto\" data-orig-sizes=\"(max-width: 640px) 100vw, 600px\" \/><\/span><\/div><\/div><\/div><\/div><\/div><div class=\"fusion-fullwidth fullwidth-box fusion-builder-row-2 fusion-flex-container has-pattern-background has-mask-background nonhundred-percent-fullwidth non-hundred-percent-height-scrolling\" style=\"--awb-border-radius-top-left:0px;--awb-border-radius-top-right:0px;--awb-border-radius-bottom-right:0px;--awb-border-radius-bottom-left:0px;--awb-padding-top:0px;--awb-padding-left:20px;--awb-flex-wrap:wrap;\" ><div class=\"fusion-builder-row fusion-row fusion-flex-align-items-flex-start fusion-flex-content-wrap\" style=\"max-width:1310.4px;margin-left: calc(-4% \/ 2 );margin-right: calc(-4% \/ 2 );\"><div class=\"fusion-layout-column fusion_builder_column fusion-builder-column-2 fusion_builder_column_1_2 1_2 fusion-flex-column\" style=\"--awb-bg-size:cover;--awb-width-large:50%;--awb-margin-top-large:20px;--awb-spacing-right-large:3.84%;--awb-margin-bottom-large:20px;--awb-spacing-left-large:3.84%;--awb-width-medium:50%;--awb-order-medium:0;--awb-spacing-right-medium:3.84%;--awb-spacing-left-medium:3.84%;--awb-width-small:100%;--awb-order-small:0;--awb-spacing-right-small:1.92%;--awb-spacing-left-small:1.92%;\"><div class=\"fusion-column-wrapper fusion-column-has-shadow fusion-flex-justify-content-center fusion-content-layout-column\"><div class=\"fusion-builder-row fusion-builder-row-inner fusion-row fusion-flex-align-items-flex-start fusion-flex-content-wrap\" style=\"width:104% !important;max-width:104% !important;margin-left: calc(-4% \/ 2 );margin-right: calc(-4% \/ 2 );\"><div class=\"fusion-layout-column fusion_builder_column_inner fusion-builder-nested-column-0 fusion_builder_column_inner_1_6 1_6 fusion-flex-column fusion-column-inner-bg-wrapper\" style=\"--awb-inner-bg-size:cover;--awb-width-large:16.666666666667%;--awb-margin-top-large:20px;--awb-spacing-right-large:11.52%;--awb-margin-bottom-large:20px;--awb-spacing-left-large:11.52%;--awb-width-medium:16.666666666667%;--awb-order-medium:0;--awb-spacing-right-medium:11.52%;--awb-spacing-left-medium:11.52%;--awb-width-small:100%;--awb-order-small:0;--awb-spacing-right-small:1.92%;--awb-spacing-left-small:1.92%;\"><span class=\"fusion-column-inner-bg hover-type-none\"><a class=\"fusion-column-anchor\" href=\"https:\/\/www.tsaai.eu\/applied-ai-in-ict\/\"><span class=\"fusion-column-inner-bg-image\"><\/span><\/a><\/span><div class=\"fusion-column-wrapper fusion-column-has-shadow fusion-flex-justify-content-center fusion-content-layout-row fusion-flex-align-items-center\"><i class=\"fb-icon-element-1 fb-icon-element fontawesome-icon fa-arrow-alt-circle-left fas circle-no fusion-text-flow icon-hover-animation-slide\" style=\"--awb-iconcolor:var(--awb-color8);--awb-font-size:51px;--awb-margin-right:25.5px;\"><\/i><\/div><\/div><div class=\"fusion-layout-column fusion_builder_column_inner fusion-builder-nested-column-1 fusion_builder_column_inner_3_5 3_5 fusion-flex-column\" style=\"--awb-bg-size:cover;--awb-width-large:60%;--awb-margin-top-large:0px;--awb-spacing-right-large:3.2%;--awb-margin-bottom-large:20px;--awb-spacing-left-large:3.2%;--awb-width-medium:60%;--awb-order-medium:0;--awb-spacing-right-medium:3.2%;--awb-spacing-left-medium:3.2%;--awb-width-small:100%;--awb-order-small:0;--awb-spacing-right-small:1.92%;--awb-spacing-left-small:1.92%;\"><div class=\"fusion-column-wrapper fusion-column-has-shadow fusion-flex-justify-content-flex-start fusion-content-layout-column\"><div class=\"fusion-text fusion-text-2\" style=\"--awb-text-color:var(--awb-color5);\"><h4 class=\"fusion-responsive-typography-calculated\" style=\"--fontsize: 24; line-height: 1.42; --minfontsize: 24;\" data-fontsize=\"24\" data-lineheight=\"34.08px\"><a href=\"https:\/\/www.tsaai.eu\/applied-ai-in-ict\/\">Uporabna umetna inteligenca na podro\u010dju IKT<\/a><\/h4>\n<\/div><\/div><\/div><\/div><\/div><\/div><div class=\"fusion-layout-column fusion_builder_column fusion-builder-column-3 fusion_builder_column_1_2 1_2 fusion-flex-column\" style=\"--awb-bg-size:cover;--awb-width-large:50%;--awb-margin-top-large:20px;--awb-spacing-right-large:3.84%;--awb-margin-bottom-large:20px;--awb-spacing-left-large:3.84%;--awb-width-medium:50%;--awb-order-medium:0;--awb-spacing-right-medium:3.84%;--awb-spacing-left-medium:3.84%;--awb-width-small:100%;--awb-order-small:0;--awb-spacing-right-small:1.92%;--awb-spacing-left-small:1.92%;\"><div class=\"fusion-column-wrapper fusion-column-has-shadow fusion-flex-justify-content-center fusion-content-layout-column\"><div class=\"fusion-builder-row fusion-builder-row-inner fusion-row fusion-flex-align-items-flex-start fusion-flex-content-wrap\" style=\"width:104% !important;max-width:104% !important;margin-left: calc(-4% \/ 2 );margin-right: calc(-4% \/ 2 );\"><div class=\"fusion-layout-column fusion_builder_column_inner fusion-builder-nested-column-2 fusion_builder_column_inner_1_5 1_5 fusion-flex-column\" style=\"--awb-bg-size:cover;--awb-width-large:20%;--awb-margin-top-large:20px;--awb-spacing-right-large:9.6%;--awb-margin-bottom-large:20px;--awb-spacing-left-large:9.6%;--awb-width-medium:20%;--awb-order-medium:0;--awb-spacing-right-medium:9.6%;--awb-spacing-left-medium:9.6%;--awb-width-small:100%;--awb-order-small:0;--awb-spacing-right-small:1.92%;--awb-spacing-left-small:1.92%;\"><div class=\"fusion-column-wrapper fusion-column-has-shadow fusion-flex-justify-content-flex-start fusion-content-layout-column\"><\/div><\/div><div class=\"fusion-layout-column fusion_builder_column_inner fusion-builder-nested-column-3 fusion_builder_column_inner_3_5 3_5 fusion-flex-column\" style=\"--awb-bg-size:cover;--awb-width-large:60%;--awb-margin-top-large:0px;--awb-spacing-right-large:3.2%;--awb-margin-bottom-large:20px;--awb-spacing-left-large:3.2%;--awb-width-medium:60%;--awb-order-medium:0;--awb-spacing-right-medium:3.2%;--awb-spacing-left-medium:3.2%;--awb-width-small:100%;--awb-order-small:0;--awb-spacing-right-small:1.92%;--awb-spacing-left-small:1.92%;\"><div class=\"fusion-column-wrapper fusion-column-has-shadow fusion-flex-justify-content-flex-start fusion-content-layout-column\"><div class=\"fusion-text fusion-text-3\" style=\"--awb-text-color:var(--awb-color5);\"><h4 class=\"fusion-responsive-typography-calculated\" style=\"text-align: right; --fontsize: 24; line-height: 1.42; --minfontsize: 24;\" data-fontsize=\"24\" data-lineheight=\"34.08px\"><a href=\"https:\/\/www.tsaai.eu\/applied-ai-in-industry\/\">Uporabna umetna inteligenca v industriji in internetu stvari<\/a><\/h4>\n<\/div><\/div><\/div><div class=\"fusion-layout-column fusion_builder_column_inner fusion-builder-nested-column-4 fusion_builder_column_inner_1_6 1_6 fusion-flex-column\" style=\"--awb-bg-size:cover;--awb-width-large:16.666666666667%;--awb-margin-top-large:20px;--awb-spacing-right-large:11.52%;--awb-margin-bottom-large:20px;--awb-spacing-left-large:11.52%;--awb-width-medium:16.666666666667%;--awb-order-medium:0;--awb-spacing-right-medium:11.52%;--awb-spacing-left-medium:11.52%;--awb-width-small:100%;--awb-order-small:0;--awb-spacing-right-small:1.92%;--awb-spacing-left-small:1.92%;\"><div class=\"fusion-column-wrapper fusion-column-has-shadow fusion-flex-justify-content-center fusion-content-layout-row fusion-flex-align-items-center\"><a class=\"fb-icon-element-2 fb-icon-element fontawesome-icon fa-arrow-alt-circle-right fas circle-no fusion-text-flow fusion-link icon-hover-animation-slide\" style=\"--awb-iconcolor:var(--awb-color8);--awb-font-size:51px;--awb-margin-right:25.5px;\" href=\"https:\/\/www.tsaai.eu\/applied-ai-in-industry\/\" aria-label=\"Link to https:\/\/www.tsaai.eu\/applied-ai-in-industry\/\" target=\"_self\"><\/a><\/div><\/div><\/div><\/div><\/div><div class=\"fusion-layout-column fusion_builder_column fusion-builder-column-4 fusion_builder_column_1_2 1_2 fusion-flex-column\" style=\"--awb-bg-size:cover;--awb-width-large:50%;--awb-margin-top-large:20px;--awb-spacing-right-large:3.84%;--awb-margin-bottom-large:20px;--awb-spacing-left-large:3.84%;--awb-width-medium:50%;--awb-order-medium:0;--awb-spacing-right-medium:3.84%;--awb-spacing-left-medium:3.84%;--awb-width-small:100%;--awb-order-small:0;--awb-spacing-right-small:1.92%;--awb-spacing-left-small:1.92%;\"><div class=\"fusion-column-wrapper fusion-column-has-shadow fusion-flex-justify-content-flex-start fusion-content-layout-column\"><\/div><\/div><\/div><\/div><\/p>\n","protected":false},"excerpt":{"rendered":"","protected":false},"author":3,"featured_media":0,"parent":0,"menu_order":0,"comment_status":"closed","ping_status":"closed","template":"100-width.php","meta":{"inline_featured_image":false,"footnotes":""},"class_list":["post-3891","page","type-page","status-publish","hentry"],"yoast_head":"<!-- This site is optimized with the Yoast SEO plugin v23.6 - https:\/\/yoast.com\/wordpress\/plugins\/seo\/ -->\n<title>Uporabna umetna inteligenca v humanistiki - TSAAI<\/title>\n<meta name=\"robots\" content=\"index, follow, max-snippet:-1, max-image-preview:large, max-video-preview:-1\" \/>\n<link rel=\"canonical\" href=\"https:\/\/www.tsaai.eu\/sl\/uporabna-umetna-inteligenca-v-humanistiki\/\" \/>\n<meta property=\"og:locale\" content=\"sl_SI\" \/>\n<meta property=\"og:type\" content=\"article\" \/>\n<meta property=\"og:title\" content=\"Uporabna umetna inteligenca v humanistiki - TSAAI\" \/>\n<meta property=\"og:url\" content=\"https:\/\/www.tsaai.eu\/sl\/uporabna-umetna-inteligenca-v-humanistiki\/\" \/>\n<meta property=\"og:site_name\" content=\"TSAAI\" \/>\n<meta property=\"article:modified_time\" content=\"2023-07-11T21:33:52+00:00\" \/>\n<meta name=\"twitter:card\" content=\"summary_large_image\" \/>\n<meta name=\"twitter:label1\" content=\"Est. reading time\" \/>\n\t<meta name=\"twitter:data1\" content=\"16 minut\" \/>\n<script type=\"application\/ld+json\" class=\"yoast-schema-graph\">{\"@context\":\"https:\/\/schema.org\",\"@graph\":[{\"@type\":\"WebPage\",\"@id\":\"https:\/\/www.tsaai.eu\/sl\/uporabna-umetna-inteligenca-v-humanistiki\/\",\"url\":\"https:\/\/www.tsaai.eu\/sl\/uporabna-umetna-inteligenca-v-humanistiki\/\",\"name\":\"Uporabna umetna inteligenca v humanistiki - TSAAI\",\"isPartOf\":{\"@id\":\"https:\/\/www.tsaai.eu\/sl\/#website\"},\"datePublished\":\"2023-02-28T18:20:42+00:00\",\"dateModified\":\"2023-07-11T21:33:52+00:00\",\"breadcrumb\":{\"@id\":\"https:\/\/www.tsaai.eu\/sl\/uporabna-umetna-inteligenca-v-humanistiki\/#breadcrumb\"},\"inLanguage\":\"sl-SI\",\"potentialAction\":[{\"@type\":\"ReadAction\",\"target\":[\"https:\/\/www.tsaai.eu\/sl\/uporabna-umetna-inteligenca-v-humanistiki\/\"]}]},{\"@type\":\"BreadcrumbList\",\"@id\":\"https:\/\/www.tsaai.eu\/sl\/uporabna-umetna-inteligenca-v-humanistiki\/#breadcrumb\",\"itemListElement\":[{\"@type\":\"ListItem\",\"position\":1,\"name\":\"Home\",\"item\":\"https:\/\/www.tsaai.eu\/sl\/tsaai\/\"},{\"@type\":\"ListItem\",\"position\":2,\"name\":\"Uporabna umetna inteligenca v humanistiki\"}]},{\"@type\":\"WebSite\",\"@id\":\"https:\/\/www.tsaai.eu\/sl\/#website\",\"url\":\"https:\/\/www.tsaai.eu\/sl\/\",\"name\":\"TSAAI\",\"description\":\"Transversal Skills in Applied Artificial Intelligence\",\"publisher\":{\"@id\":\"https:\/\/www.tsaai.eu\/sl\/#organization\"},\"potentialAction\":[{\"@type\":\"SearchAction\",\"target\":{\"@type\":\"EntryPoint\",\"urlTemplate\":\"https:\/\/www.tsaai.eu\/sl\/?s={search_term_string}\"},\"query-input\":{\"@type\":\"PropertyValueSpecification\",\"valueRequired\":true,\"valueName\":\"search_term_string\"}}],\"inLanguage\":\"sl-SI\"},{\"@type\":\"Organization\",\"@id\":\"https:\/\/www.tsaai.eu\/sl\/#organization\",\"name\":\"TSAAI\",\"url\":\"https:\/\/www.tsaai.eu\/sl\/\",\"logo\":{\"@type\":\"ImageObject\",\"inLanguage\":\"sl-SI\",\"@id\":\"https:\/\/www.tsaai.eu\/sl\/#\/schema\/logo\/image\/\",\"url\":\"https:\/\/www.tsaai.eu\/wp-content\/uploads\/2022\/11\/logo_TSAAI-header-big-blue.svg\",\"contentUrl\":\"https:\/\/www.tsaai.eu\/wp-content\/uploads\/2022\/11\/logo_TSAAI-header-big-blue.svg\",\"width\":1356,\"height\":243,\"caption\":\"TSAAI\"},\"image\":{\"@id\":\"https:\/\/www.tsaai.eu\/sl\/#\/schema\/logo\/image\/\"}}]}<\/script>\n<!-- \/ Yoast SEO plugin. -->","yoast_head_json":{"title":"Uporabna umetna inteligenca v humanistiki - TSAAI","robots":{"index":"index","follow":"follow","max-snippet":"max-snippet:-1","max-image-preview":"max-image-preview:large","max-video-preview":"max-video-preview:-1"},"canonical":"https:\/\/www.tsaai.eu\/sl\/uporabna-umetna-inteligenca-v-humanistiki\/","og_locale":"sl_SI","og_type":"article","og_title":"Uporabna umetna inteligenca v humanistiki - TSAAI","og_url":"https:\/\/www.tsaai.eu\/sl\/uporabna-umetna-inteligenca-v-humanistiki\/","og_site_name":"TSAAI","article_modified_time":"2023-07-11T21:33:52+00:00","twitter_card":"summary_large_image","twitter_misc":{"Est. reading time":"16 minut"},"schema":{"@context":"https:\/\/schema.org","@graph":[{"@type":"WebPage","@id":"https:\/\/www.tsaai.eu\/sl\/uporabna-umetna-inteligenca-v-humanistiki\/","url":"https:\/\/www.tsaai.eu\/sl\/uporabna-umetna-inteligenca-v-humanistiki\/","name":"Uporabna umetna inteligenca v humanistiki - TSAAI","isPartOf":{"@id":"https:\/\/www.tsaai.eu\/sl\/#website"},"datePublished":"2023-02-28T18:20:42+00:00","dateModified":"2023-07-11T21:33:52+00:00","breadcrumb":{"@id":"https:\/\/www.tsaai.eu\/sl\/uporabna-umetna-inteligenca-v-humanistiki\/#breadcrumb"},"inLanguage":"sl-SI","potentialAction":[{"@type":"ReadAction","target":["https:\/\/www.tsaai.eu\/sl\/uporabna-umetna-inteligenca-v-humanistiki\/"]}]},{"@type":"BreadcrumbList","@id":"https:\/\/www.tsaai.eu\/sl\/uporabna-umetna-inteligenca-v-humanistiki\/#breadcrumb","itemListElement":[{"@type":"ListItem","position":1,"name":"Home","item":"https:\/\/www.tsaai.eu\/sl\/tsaai\/"},{"@type":"ListItem","position":2,"name":"Uporabna umetna inteligenca v humanistiki"}]},{"@type":"WebSite","@id":"https:\/\/www.tsaai.eu\/sl\/#website","url":"https:\/\/www.tsaai.eu\/sl\/","name":"TSAAI","description":"Transversal Skills in Applied Artificial Intelligence","publisher":{"@id":"https:\/\/www.tsaai.eu\/sl\/#organization"},"potentialAction":[{"@type":"SearchAction","target":{"@type":"EntryPoint","urlTemplate":"https:\/\/www.tsaai.eu\/sl\/?s={search_term_string}"},"query-input":{"@type":"PropertyValueSpecification","valueRequired":true,"valueName":"search_term_string"}}],"inLanguage":"sl-SI"},{"@type":"Organization","@id":"https:\/\/www.tsaai.eu\/sl\/#organization","name":"TSAAI","url":"https:\/\/www.tsaai.eu\/sl\/","logo":{"@type":"ImageObject","inLanguage":"sl-SI","@id":"https:\/\/www.tsaai.eu\/sl\/#\/schema\/logo\/image\/","url":"https:\/\/www.tsaai.eu\/wp-content\/uploads\/2022\/11\/logo_TSAAI-header-big-blue.svg","contentUrl":"https:\/\/www.tsaai.eu\/wp-content\/uploads\/2022\/11\/logo_TSAAI-header-big-blue.svg","width":1356,"height":243,"caption":"TSAAI"},"image":{"@id":"https:\/\/www.tsaai.eu\/sl\/#\/schema\/logo\/image\/"}}]}},"_links":{"self":[{"href":"https:\/\/www.tsaai.eu\/sl\/wp-json\/wp\/v2\/pages\/3891","targetHints":{"allow":["GET"]}}],"collection":[{"href":"https:\/\/www.tsaai.eu\/sl\/wp-json\/wp\/v2\/pages"}],"about":[{"href":"https:\/\/www.tsaai.eu\/sl\/wp-json\/wp\/v2\/types\/page"}],"author":[{"embeddable":true,"href":"https:\/\/www.tsaai.eu\/sl\/wp-json\/wp\/v2\/users\/3"}],"replies":[{"embeddable":true,"href":"https:\/\/www.tsaai.eu\/sl\/wp-json\/wp\/v2\/comments?post=3891"}],"version-history":[{"count":2,"href":"https:\/\/www.tsaai.eu\/sl\/wp-json\/wp\/v2\/pages\/3891\/revisions"}],"predecessor-version":[{"id":3893,"href":"https:\/\/www.tsaai.eu\/sl\/wp-json\/wp\/v2\/pages\/3891\/revisions\/3893"}],"wp:attachment":[{"href":"https:\/\/www.tsaai.eu\/sl\/wp-json\/wp\/v2\/media?parent=3891"}],"curies":[{"name":"wp","href":"https:\/\/api.w.org\/{rel}","templated":true}]}}