{"id":3958,"date":"2022-12-05T08:11:32","date_gmt":"2022-12-05T08:11:32","guid":{"rendered":"https:\/\/www.tsaai.eu\/ucna-platforma\/"},"modified":"2023-07-12T00:01:48","modified_gmt":"2023-07-12T00:01:48","slug":"ucna-platforma","status":"publish","type":"page","link":"https:\/\/www.tsaai.eu\/sl\/ucna-platforma\/","title":{"rendered":"U\u010dna platforma"},"content":{"rendered":"<div class=\"fusion-fullwidth fullwidth-box fusion-builder-row-1 fusion-flex-container nonhundred-percent-fullwidth non-hundred-percent-height-scrolling\" style=\"--awb-border-radius-top-left:0px;--awb-border-radius-top-right:0px;--awb-border-radius-bottom-right:0px;--awb-border-radius-bottom-left:0px;--awb-padding-top-medium:12px;--awb-padding-bottom-medium:24px;--awb-padding-top-small:0px;--awb-padding-bottom-small:0px;--awb-flex-wrap:wrap;\" ><div class=\"fusion-builder-row fusion-row fusion-flex-align-items-stretch fusion-flex-justify-content-center fusion-flex-content-wrap\" style=\"max-width:1310.4px;margin-left: calc(-4% \/ 2 );margin-right: calc(-4% \/ 2 );\"><div class=\"fusion-layout-column fusion_builder_column fusion-builder-column-0 fusion_builder_column_3_5 3_5 fusion-flex-column\" style=\"--awb-padding-top:8%;--awb-padding-right:10%;--awb-padding-bottom:8%;--awb-padding-left:10%;--awb-padding-top-medium:8%;--awb-padding-right-medium:8%;--awb-padding-bottom-medium:8%;--awb-padding-left-medium:8%;--awb-overflow:hidden;--awb-bg-color:var(--awb-color1);--awb-bg-color-hover:var(--awb-color1);--awb-bg-size:cover;--awb-box-shadow:0px 2px 4px -1px hsla(var(--awb-color1-h),var(--awb-color1-s),calc( var(--awb-color1-l) - 100% ),calc( var(--awb-color1-a) - 95% ));;--awb-border-color:hsla(var(--awb-color1-h),var(--awb-color1-s),calc( var(--awb-color1-l) - 100% ),calc( var(--awb-color1-a) - 95% ));--awb-border-top:1px;--awb-border-right:1px;--awb-border-bottom:1px;--awb-border-left:1px;--awb-border-style:solid;--awb-border-radius:8px 8px 8px 8px;--awb-width-large:60%;--awb-margin-top-large:20px;--awb-spacing-right-large:3.2%;--awb-margin-bottom-large:20px;--awb-spacing-left-large:3.2%;--awb-width-medium:60%;--awb-order-medium:0;--awb-spacing-right-medium:3.2%;--awb-spacing-left-medium:3.2%;--awb-width-small:100%;--awb-order-small:0;--awb-margin-top-small:0px;--awb-spacing-right-small:1.92%;--awb-spacing-left-small:1.92%;\"><div class=\"fusion-column-wrapper fusion-column-has-shadow fusion-flex-justify-content-flex-start fusion-content-layout-column\"><div class=\"fusion-title title fusion-title-1 fusion-sep-none fusion-title-text fusion-title-size-two\"><h2 class=\"fusion-title-heading title-heading-left fusion-responsive-typography-calculated\" style=\"margin:0;--fontSize:48;line-height:1.2;\">U\u010dna platforma<\/h2><\/div><div class=\"fusion-text fusion-text-1\"><p>Povpra\u0161evanje po zaposlitvah strokovnih profilov na podro\u010dju umetne inteligence je v zadnjih treh letih mo\u010dno naraslo. Napoved za naslednje desetletje je, da bo \u0161e rasla in ne bo mogla pokriti z izobra\u017eevalno ponudbo, ki obstaja danes. To povpra\u0161evanje ne bo prihajalo le od velikih tehnolo\u0161kih podjetij, ampak bodo \u0161tevilna nova podjetja (start-upi) potrebovala profile strokovnjakov na podro\u010dju umetne inteligence. V ta proces bodo vklju\u010deni vsi gospodarski sektorji in vsa podro\u010dja znanja. Uporabna umetna inteligenca ima visoko sektorsko transverzalnost in za zadovoljevanje potreb vseh gospodarskih sektorjev so potrebni \u0161tevilni poklicni profili.<\/p>\n<p><span style=\"color: rgb(0, 47, 124);\"><b>FuturIA<\/b><\/span>, LMS, osredoto\u010den na uporabno umetno inteligenco, daje odgovor na te potrebe.<\/p>\n<\/div><\/div><\/div><div class=\"fusion-layout-column fusion_builder_column fusion-builder-column-1 fusion_builder_column_2_5 2_5 fusion-flex-column\" style=\"--awb-bg-size:cover;--awb-width-large:40%;--awb-margin-top-large:20px;--awb-spacing-right-large:4.8%;--awb-margin-bottom-large:20px;--awb-spacing-left-large:0px;--awb-width-medium:40%;--awb-order-medium:0;--awb-spacing-right-medium:4.8%;--awb-spacing-left-medium:0px;--awb-width-small:100%;--awb-order-small:0;--awb-margin-top-small:0px;--awb-spacing-right-small:1.92%;--awb-spacing-left-small:1.92%;\"><div class=\"fusion-column-wrapper fusion-column-has-shadow fusion-flex-justify-content-center fusion-content-layout-column\"><div class=\"fusion-image-element \" style=\"--awb-caption-title-font-family:var(--h2_typography-font-family);--awb-caption-title-font-weight:var(--h2_typography-font-weight);--awb-caption-title-font-style:var(--h2_typography-font-style);--awb-caption-title-size:var(--h2_typography-font-size);--awb-caption-title-transform:var(--h2_typography-text-transform);--awb-caption-title-line-height:var(--h2_typography-line-height);--awb-caption-title-letter-spacing:var(--h2_typography-letter-spacing);\"><span class=\" fusion-imageframe imageframe-none imageframe-1 hover-type-none\" style=\"border-radius:12px;\"><img decoding=\"async\" width=\"998\" height=\"1148\" title=\"Industries\" src=\"data:image\/svg+xml,%3Csvg%20xmlns%3D%27http%3A%2F%2Fwww.w3.org%2F2000%2Fsvg%27%20width%3D%27998%27%20height%3D%271148%27%20viewBox%3D%270%200%20998%201148%27%3E%3Crect%20width%3D%27998%27%20height%3D%271148%27%20fill-opacity%3D%220%22%2F%3E%3C%2Fsvg%3E\" data-orig-src=\"https:\/\/www.tsaai.eu\/wp-content\/uploads\/2020\/09\/private-clients.jpg\" alt class=\"lazyload img-responsive wp-image-2633\"\/><\/span><\/div><\/div><\/div><\/div><\/div>\n","protected":false},"excerpt":{"rendered":"","protected":false},"author":1,"featured_media":0,"parent":0,"menu_order":0,"comment_status":"closed","ping_status":"closed","template":"100-width.php","meta":{"inline_featured_image":false,"footnotes":""},"class_list":["post-3958","page","type-page","status-publish","hentry"],"yoast_head":"<!-- This site is optimized with the Yoast SEO plugin v23.6 - https:\/\/yoast.com\/wordpress\/plugins\/seo\/ -->\n<title>U\u010dna platforma - TSAAI<\/title>\n<meta name=\"robots\" content=\"index, follow, max-snippet:-1, max-image-preview:large, max-video-preview:-1\" \/>\n<link rel=\"canonical\" href=\"https:\/\/www.tsaai.eu\/sl\/ucna-platforma\/\" \/>\n<meta property=\"og:locale\" content=\"sl_SI\" \/>\n<meta property=\"og:type\" content=\"article\" \/>\n<meta property=\"og:title\" content=\"U\u010dna platforma - TSAAI\" \/>\n<meta property=\"og:url\" content=\"https:\/\/www.tsaai.eu\/sl\/ucna-platforma\/\" \/>\n<meta property=\"og:site_name\" content=\"TSAAI\" \/>\n<meta property=\"article:modified_time\" content=\"2023-07-12T00:01:48+00:00\" \/>\n<meta name=\"twitter:card\" content=\"summary_large_image\" \/>\n<meta name=\"twitter:label1\" content=\"Est. reading time\" \/>\n\t<meta name=\"twitter:data1\" content=\"5 minut\" \/>\n<script type=\"application\/ld+json\" class=\"yoast-schema-graph\">{\"@context\":\"https:\/\/schema.org\",\"@graph\":[{\"@type\":\"WebPage\",\"@id\":\"https:\/\/www.tsaai.eu\/sl\/ucna-platforma\/\",\"url\":\"https:\/\/www.tsaai.eu\/sl\/ucna-platforma\/\",\"name\":\"U\u010dna platforma - TSAAI\",\"isPartOf\":{\"@id\":\"https:\/\/www.tsaai.eu\/sl\/#website\"},\"datePublished\":\"2022-12-05T08:11:32+00:00\",\"dateModified\":\"2023-07-12T00:01:48+00:00\",\"breadcrumb\":{\"@id\":\"https:\/\/www.tsaai.eu\/sl\/ucna-platforma\/#breadcrumb\"},\"inLanguage\":\"sl-SI\",\"potentialAction\":[{\"@type\":\"ReadAction\",\"target\":[\"https:\/\/www.tsaai.eu\/sl\/ucna-platforma\/\"]}]},{\"@type\":\"BreadcrumbList\",\"@id\":\"https:\/\/www.tsaai.eu\/sl\/ucna-platforma\/#breadcrumb\",\"itemListElement\":[{\"@type\":\"ListItem\",\"position\":1,\"name\":\"Home\",\"item\":\"https:\/\/www.tsaai.eu\/sl\/tsaai\/\"},{\"@type\":\"ListItem\",\"position\":2,\"name\":\"U\u010dna platforma\"}]},{\"@type\":\"WebSite\",\"@id\":\"https:\/\/www.tsaai.eu\/sl\/#website\",\"url\":\"https:\/\/www.tsaai.eu\/sl\/\",\"name\":\"TSAAI\",\"description\":\"Transversal Skills in Applied Artificial Intelligence\",\"publisher\":{\"@id\":\"https:\/\/www.tsaai.eu\/sl\/#organization\"},\"potentialAction\":[{\"@type\":\"SearchAction\",\"target\":{\"@type\":\"EntryPoint\",\"urlTemplate\":\"https:\/\/www.tsaai.eu\/sl\/?s={search_term_string}\"},\"query-input\":{\"@type\":\"PropertyValueSpecification\",\"valueRequired\":true,\"valueName\":\"search_term_string\"}}],\"inLanguage\":\"sl-SI\"},{\"@type\":\"Organization\",\"@id\":\"https:\/\/www.tsaai.eu\/sl\/#organization\",\"name\":\"TSAAI\",\"url\":\"https:\/\/www.tsaai.eu\/sl\/\",\"logo\":{\"@type\":\"ImageObject\",\"inLanguage\":\"sl-SI\",\"@id\":\"https:\/\/www.tsaai.eu\/sl\/#\/schema\/logo\/image\/\",\"url\":\"https:\/\/www.tsaai.eu\/wp-content\/uploads\/2022\/11\/logo_TSAAI-header-big-blue.svg\",\"contentUrl\":\"https:\/\/www.tsaai.eu\/wp-content\/uploads\/2022\/11\/logo_TSAAI-header-big-blue.svg\",\"width\":1356,\"height\":243,\"caption\":\"TSAAI\"},\"image\":{\"@id\":\"https:\/\/www.tsaai.eu\/sl\/#\/schema\/logo\/image\/\"}}]}<\/script>\n<!-- \/ Yoast SEO plugin. -->","yoast_head_json":{"title":"U\u010dna platforma - TSAAI","robots":{"index":"index","follow":"follow","max-snippet":"max-snippet:-1","max-image-preview":"max-image-preview:large","max-video-preview":"max-video-preview:-1"},"canonical":"https:\/\/www.tsaai.eu\/sl\/ucna-platforma\/","og_locale":"sl_SI","og_type":"article","og_title":"U\u010dna platforma - TSAAI","og_url":"https:\/\/www.tsaai.eu\/sl\/ucna-platforma\/","og_site_name":"TSAAI","article_modified_time":"2023-07-12T00:01:48+00:00","twitter_card":"summary_large_image","twitter_misc":{"Est. reading time":"5 minut"},"schema":{"@context":"https:\/\/schema.org","@graph":[{"@type":"WebPage","@id":"https:\/\/www.tsaai.eu\/sl\/ucna-platforma\/","url":"https:\/\/www.tsaai.eu\/sl\/ucna-platforma\/","name":"U\u010dna platforma - TSAAI","isPartOf":{"@id":"https:\/\/www.tsaai.eu\/sl\/#website"},"datePublished":"2022-12-05T08:11:32+00:00","dateModified":"2023-07-12T00:01:48+00:00","breadcrumb":{"@id":"https:\/\/www.tsaai.eu\/sl\/ucna-platforma\/#breadcrumb"},"inLanguage":"sl-SI","potentialAction":[{"@type":"ReadAction","target":["https:\/\/www.tsaai.eu\/sl\/ucna-platforma\/"]}]},{"@type":"BreadcrumbList","@id":"https:\/\/www.tsaai.eu\/sl\/ucna-platforma\/#breadcrumb","itemListElement":[{"@type":"ListItem","position":1,"name":"Home","item":"https:\/\/www.tsaai.eu\/sl\/tsaai\/"},{"@type":"ListItem","position":2,"name":"U\u010dna platforma"}]},{"@type":"WebSite","@id":"https:\/\/www.tsaai.eu\/sl\/#website","url":"https:\/\/www.tsaai.eu\/sl\/","name":"TSAAI","description":"Transversal Skills in Applied Artificial Intelligence","publisher":{"@id":"https:\/\/www.tsaai.eu\/sl\/#organization"},"potentialAction":[{"@type":"SearchAction","target":{"@type":"EntryPoint","urlTemplate":"https:\/\/www.tsaai.eu\/sl\/?s={search_term_string}"},"query-input":{"@type":"PropertyValueSpecification","valueRequired":true,"valueName":"search_term_string"}}],"inLanguage":"sl-SI"},{"@type":"Organization","@id":"https:\/\/www.tsaai.eu\/sl\/#organization","name":"TSAAI","url":"https:\/\/www.tsaai.eu\/sl\/","logo":{"@type":"ImageObject","inLanguage":"sl-SI","@id":"https:\/\/www.tsaai.eu\/sl\/#\/schema\/logo\/image\/","url":"https:\/\/www.tsaai.eu\/wp-content\/uploads\/2022\/11\/logo_TSAAI-header-big-blue.svg","contentUrl":"https:\/\/www.tsaai.eu\/wp-content\/uploads\/2022\/11\/logo_TSAAI-header-big-blue.svg","width":1356,"height":243,"caption":"TSAAI"},"image":{"@id":"https:\/\/www.tsaai.eu\/sl\/#\/schema\/logo\/image\/"}}]}},"_links":{"self":[{"href":"https:\/\/www.tsaai.eu\/sl\/wp-json\/wp\/v2\/pages\/3958","targetHints":{"allow":["GET"]}}],"collection":[{"href":"https:\/\/www.tsaai.eu\/sl\/wp-json\/wp\/v2\/pages"}],"about":[{"href":"https:\/\/www.tsaai.eu\/sl\/wp-json\/wp\/v2\/types\/page"}],"author":[{"embeddable":true,"href":"https:\/\/www.tsaai.eu\/sl\/wp-json\/wp\/v2\/users\/1"}],"replies":[{"embeddable":true,"href":"https:\/\/www.tsaai.eu\/sl\/wp-json\/wp\/v2\/comments?post=3958"}],"version-history":[{"count":2,"href":"https:\/\/www.tsaai.eu\/sl\/wp-json\/wp\/v2\/pages\/3958\/revisions"}],"predecessor-version":[{"id":3960,"href":"https:\/\/www.tsaai.eu\/sl\/wp-json\/wp\/v2\/pages\/3958\/revisions\/3960"}],"wp:attachment":[{"href":"https:\/\/www.tsaai.eu\/sl\/wp-json\/wp\/v2\/media?parent=3958"}],"curies":[{"name":"wp","href":"https:\/\/api.w.org\/{rel}","templated":true}]}}